{"id":109,"date":"2021-09-14T07:56:23","date_gmt":"2021-09-14T07:56:23","guid":{"rendered":"https:\/\/www.casa-padilla.com\/?page_id=109"},"modified":"2023-08-10T17:38:19","modified_gmt":"2023-08-10T17:38:19","slug":"servicios","status":"publish","type":"page","link":"https:\/\/www.casa-padilla.com\/index.php\/servicios\/","title":{"rendered":"Servicios"},"content":{"rendered":"<p>[vc_section css=&#8221;.vc_custom_1687986718139{margin-top: -50px !important;border-bottom-width: 1px !important;background-image: url(https:\/\/www.casa-padilla.com\/wp-content\/uploads\/2023\/06\/SERVICIOS-min.jpg?id=4068) !important;background-position: center !important;background-repeat: no-repeat !important;background-size: cover !important;border-bottom-style: solid !important;}&#8221;][vc_row][vc_column]<div  class=\"wpb_content_element   clearfix\"><style type=\"text\/css\">#ut_am_69dffdcd6b61a { opacity: 1; }#ut_am_wrap_69dffdcd6b61b .ut-image-gallery-item-caption-title h3 { letter-spacing: 0em; }#ut_am_wrap_69dffdcd6b61b .ut-gallery-slider-caption { font-weight: bold; }#ut_am_wrap_69dffdcd6b61b { text-align: left; }@media (min-width: 768px) and (max-width: 1024px) { #ut_am_wrap_69dffdcd6b61b { text-align: left !important; } }@media (max-width: 767px) { #ut_am_wrap_69dffdcd6b61b { text-align: center !important; } }<\/style><div id=\"ut_am_wrap_69dffdcd6b61b\" class=\"ut-image-gallery-image \"><div id=\"ut_reveal_69dffdcd6b61c\"  data-appear-top-offset=\"auto\" class=\"ut-animated-image-item ut-image-gallery-item ut-animation-done \"><a class=\"ut-deactivated-link\" href=\"#\"><div class=\"ut-animated-image-zoom\"><img class=\"ut-lazy skip-lazy ut-animated-image \"  id=\"ut_am_69dffdcd6b61a\" src=\"data:image\/svg+xml;charset=utf-8,%3Csvg xmlns%3D'http%3A%2F%2Fwww.w3.org%2F2000%2Fsvg' viewBox%3D'0 0 1240 306'%2F%3E\" data-src=\"https:\/\/www.casa-padilla.com\/wp-content\/uploads\/2023\/08\/TITULOS-WEB-06.webp\" width=\"1240\" height=\"306\" alt=\"\"\/><\/div><\/a><\/div><\/div><\/div>[\/vc_column][\/vc_row][vc_row][vc_column width=&#8221;1\/2&#8243;][vc_column_text]<\/p>\n<h2><span style=\"color: #ffffff;\"><em>-Fabricaci\u00f3n de piezas de pl\u00e1stico para la suspensi\u00f3n automotriz<\/em><\/span><br \/>\n<span style=\"color: #ffffff;\"><em>-Maquila de inyecci\u00f3n de pl\u00e1stico<\/em><\/span><br \/>\n<span style=\"color: #ffffff;\"><em>-Fabricaci\u00f3n de moldes de inyecci\u00f3n<\/em><\/span><br \/>\n<span style=\"color: #ffffff;\"><em>-Electroerosi\u00f3n<\/em><\/span><br \/>\n<span style=\"color: #ffffff;\"><em>-Rectificado de superficies planas<\/em><\/span><br \/>\n<span style=\"color: #ffffff;\"><em>-Maquila en torno CNC<\/em><\/span><br \/>\n<span style=\"color: #ffffff;\"><em>-Fabricaci\u00f3n de piezas especiales<\/em><\/span><br \/>\n<span style=\"color: #ffffff;\"><em>-Desarrollo de productos<\/em><\/span><br \/>\n<span style=\"color: #ffffff;\"><em>Metal &#8211; Mec\u00e1nica e inyecci\u00f3n de pl\u00e1stico<\/em><\/span><\/h2>\n<p>[\/vc_column_text][\/vc_column][vc_column width=&#8221;1\/2&#8243;][vc_raw_html]JTNDaWZyYW1lJTIwc3JjJTNEJTIyaHR0cHMlM0ElMkYlMkZ3d3cueW91dHViZS5jb20lMkZlbWJlZCUyRmVnWE5fMHJkdldJJTNGYXV0b3BsYXklM0QxJTIyJTIwd2lkdGglM0QlMjI1NjAlMjIlMjBoZWlnaHQlM0QlMjIzMTUlMjIlMjBmcmFtZWJvcmRlciUzRCUyMjAlMjIlM0UlM0MlMkZpZnJhbWUlM0U=[\/vc_raw_html]<style type=\"text\/css\">#bklyn_btn_69dffdcd6b6f6 .bklyn-btn { border-radius:10px !important; background-color:#ff5b00 !important; }#bklyn_btn_69dffdcd6b6f6 .bklyn-btn:hover{ color:#ffffff !important; }#bklyn_btn_69dffdcd6b6f6 .bklyn-btn:focus{ color:#ffffff !important; }#bklyn_btn_69dffdcd6b6f6 .bklyn-btn:active { color:#ffffff !important; }<\/style><div id=\"bklyn_btn_69dffdcd6b6f6\" class=\"bklyn-btn-holder  bklyn-btn-center bklyn-btn-tablet-center bklyn-btn-mobile-center\"><a title=\"\"   href=\"https:\/\/www.casa-padilla.com\/index.php\/linea-de-productos-2\/\" target=\"_self\" class=\"bklyn-btn  bklyn-btn-normal\" ><span class=\"ut-btn-text\">COTIZA AHORA<\/span><\/a><\/div>[\/vc_column][\/vc_row][\/vc_section][vc_row overflow_visible_mobile=&#8221;true&#8221; full_width=&#8221;stretch_row_content_no_spaces&#8221; full_height=&#8221;yes&#8221; equal_height=&#8221;yes&#8221; content_placement=&#8221;middle&#8221; css=&#8221;.vc_custom_1633075073435{background-color: #000000 !important;background-position: center !important;background-repeat: no-repeat !important;background-size: cover !important;}&#8221;][vc_column]<div class=\"wpb_content_element   clearfix\"><style type=\"text\/css\">#ut_ig_69dffdcd6b765 .ut-lazy:not(.ut-image-loaded) + .ut-video-module-loading { display:block; }#ut_ig_69dffdcd6b765 .ut-lazy.ut-image-loaded + .ut-video-module-loading { display:none; }#ut_ig_69dffdcd6b765 .ut-image-gallery-item-wrap {width: calc(50% - 0px);margin-bottom: 0px;}#ut_ig_69dffdcd6b765 .ut-image-gallery-item,#ut_ig_69dffdcd6b765 .ut-image-gallery-item-wrap {padding: 0;}#ut_ig_69dffdcd6b765 .ut-image-gallery-sizer {width: calc(50% - 0px);}@media (min-width: 768px) and (max-width: 1024px) {#ut_ig_69dffdcd6b765 {margin-right: -0px;}#ut_ig_69dffdcd6b765 .ut-image-gallery-item-wrap {width: calc(33.333333333333% - 0px);margin-bottom: 0px;}#ut_ig_69dffdcd6b765 .ut-image-gallery-sizer {width: calc(33.333333333333% - 0px);}}@media (max-width: 767px) {#ut_ig_69dffdcd6b765 {margin-right: -0px;}#ut_ig_69dffdcd6b765 .ut-image-gallery-item-wrap {width: calc(50% - 0px);margin-bottom: 0px;}#ut_ig_69dffdcd6b765 .ut-image-gallery-sizer {width: calc(50% - 0px);}}<\/style><div id=\"ut_ig_69dffdcd6b765\" class=\"ut-image-gallery ut-image-gallery-module  ut-image-gallery-masonry clearfix\" data-settings=\"{&quot;animate&quot;:true,&quot;effect&quot;:&quot;&quot;,&quot;lazy&quot;:true,&quot;delay_animation&quot;:false,&quot;global_delay_animation&quot;:false,&quot;delay_timer&quot;:100,&quot;global_delay_timer&quot;:100}\" data-mason-gal=\"on\" data-mason-gal-gutter=\"0\" data-mason-gal-gutter-tablet=\"0\" data-mason-gal-gutter-mobile=\"0\"><div class=\"ut-image-gallery-item-wrap\"><div  data-count=\"6\" class=\"ut-image-gallery-item ut-animation-done \"><a class=\"ut-deactivated-link \" href=\"#\"><div class=\"ut-image-gallery-image\" ><img  class=\" ut-lazy skip-lazy\" src=\"data:image\/svg+xml;charset=utf-8,%3Csvg xmlns%3D'http%3A%2F%2Fwww.w3.org%2F2000%2Fsvg' viewBox%3D'0 0 1920 1280'%2F%3E\" data-src=\"https:\/\/www.casa-padilla.com\/wp-content\/uploads\/2021\/09\/casapadilla_0005_Fondo-1.jpg\" width=\"1920\" height=\"1280\"><\/div><\/a><\/div><\/div><div class=\"ut-image-gallery-item-wrap\"><div  data-count=\"4\" class=\"ut-image-gallery-item ut-animation-done ut-animation-done \"><a class=\"ut-deactivated-link \" href=\"#\"><div class=\"ut-image-gallery-image\" ><img  class=\" ut-lazy skip-lazy\" src=\"data:image\/svg+xml;charset=utf-8,%3Csvg xmlns%3D'http%3A%2F%2Fwww.w3.org%2F2000%2Fsvg' viewBox%3D'0 0 1920 1280'%2F%3E\" data-src=\"https:\/\/www.casa-padilla.com\/wp-content\/uploads\/2021\/09\/casapadilla_0004_casapadilla6-1.jpg\" width=\"1920\" height=\"1280\"><\/div><\/a><\/div><\/div><div class=\"ut-image-gallery-item-wrap\"><div  data-count=\"4\" class=\"ut-image-gallery-item ut-animation-done ut-animation-done ut-animation-done \"><a class=\"ut-deactivated-link \" href=\"#\"><div class=\"ut-image-gallery-image\" ><img  class=\" ut-lazy skip-lazy\" src=\"data:image\/svg+xml;charset=utf-8,%3Csvg xmlns%3D'http%3A%2F%2Fwww.w3.org%2F2000%2Fsvg' viewBox%3D'0 0 1920 1280'%2F%3E\" data-src=\"https:\/\/www.casa-padilla.com\/wp-content\/uploads\/2021\/09\/casapadilla_0003_casapadilla2-1.jpg\" width=\"1920\" height=\"1280\"><\/div><\/a><\/div><\/div><div class=\"ut-image-gallery-item-wrap\"><div  data-count=\"2\" class=\"ut-image-gallery-item ut-animation-done ut-animation-done ut-animation-done ut-animation-done \"><a class=\"ut-deactivated-link \" href=\"#\"><div class=\"ut-image-gallery-image\" ><img  class=\" ut-lazy skip-lazy\" src=\"data:image\/svg+xml;charset=utf-8,%3Csvg xmlns%3D'http%3A%2F%2Fwww.w3.org%2F2000%2Fsvg' viewBox%3D'0 0 1920 1280'%2F%3E\" data-src=\"https:\/\/www.casa-padilla.com\/wp-content\/uploads\/2021\/09\/casapadilla_0002_casapadilla3-1.jpg\" width=\"1920\" height=\"1280\"><\/div><\/a><\/div><\/div><div class=\"ut-image-gallery-item-wrap\"><div  data-count=\"2\" class=\"ut-image-gallery-item ut-animation-done ut-animation-done ut-animation-done ut-animation-done ut-animation-done \"><a class=\"ut-deactivated-link \" href=\"#\"><div class=\"ut-image-gallery-image\" ><img  class=\" ut-lazy skip-lazy\" src=\"data:image\/svg+xml;charset=utf-8,%3Csvg xmlns%3D'http%3A%2F%2Fwww.w3.org%2F2000%2Fsvg' viewBox%3D'0 0 1920 1280'%2F%3E\" data-src=\"https:\/\/www.casa-padilla.com\/wp-content\/uploads\/2021\/09\/casapadilla_0001_casapadilla4-1.jpg\" width=\"1920\" height=\"1280\"><\/div><\/a><\/div><\/div><div class=\"ut-image-gallery-item-wrap\"><div  data-count=\"2\" class=\"ut-image-gallery-item ut-animation-done ut-animation-done ut-animation-done ut-animation-done ut-animation-done ut-animation-done \"><a class=\"ut-deactivated-link \" href=\"#\"><div class=\"ut-image-gallery-image\" ><img  class=\" ut-lazy skip-lazy\" src=\"data:image\/svg+xml;charset=utf-8,%3Csvg xmlns%3D'http%3A%2F%2Fwww.w3.org%2F2000%2Fsvg' viewBox%3D'0 0 1920 1280'%2F%3E\" data-src=\"https:\/\/www.casa-padilla.com\/wp-content\/uploads\/2021\/09\/casapadilla_0000_casapadilla5-1.jpg\" width=\"1920\" height=\"1280\"><\/div><\/a><\/div><\/div><div class=\"ut-image-gallery-sizer\"><\/div><div class=\"clear\"><\/div><\/div><\/div>[\/vc_column][\/vc_row][vc_row css=&#8221;.vc_custom_1691620600976{background-color: #efefef !important;background-position: center !important;background-repeat: no-repeat !important;background-size: cover !important;}&#8221;][vc_column][vc_empty_space height=&#8221;20px&#8221;]<div  class=\"wpb_content_element   clearfix\"><style type=\"text\/css\">#ut_am_69dffdcd9f3bd { opacity: 1; }#ut_am_wrap_69dffdcd9f3c1 .ut-image-gallery-item-caption-title h3 { letter-spacing: 0em; }#ut_am_wrap_69dffdcd9f3c1 .ut-gallery-slider-caption { font-weight: bold; }#ut_am_wrap_69dffdcd9f3c1 { text-align: center; }@media (min-width: 768px) and (max-width: 1024px) { #ut_am_wrap_69dffdcd9f3c1 { text-align: center !important; } }@media (max-width: 767px) { #ut_am_wrap_69dffdcd9f3c1 { text-align: center !important; } }<\/style><div id=\"ut_am_wrap_69dffdcd9f3c1\" class=\"ut-image-gallery-image \"><div id=\"ut_reveal_69dffdcd9f3c3\"  data-appear-top-offset=\"auto\" class=\"ut-animated-image-item ut-image-gallery-item ut-animation-done \"><a class=\"ut-deactivated-link\" href=\"#\"><div class=\"ut-animated-image-zoom\"><img class=\"ut-lazy skip-lazy ut-animated-image \"  id=\"ut_am_69dffdcd9f3bd\" src=\"data:image\/svg+xml;charset=utf-8,%3Csvg xmlns%3D'http%3A%2F%2Fwww.w3.org%2F2000%2Fsvg' viewBox%3D'0 0 5167 1276'%2F%3E\" data-src=\"https:\/\/www.casa-padilla.com\/wp-content\/uploads\/2023\/08\/productos-recomendados.webp\" width=\"5167\" height=\"1276\" alt=\"\"\/><\/div><\/a><\/div><\/div><\/div>[vc_column_text]<\/p>\n<p style=\"text-align: center;\">\n\t\t\n\t\t<div\n\t\tclass=\"wpcu-products wpcu-theme_1 wpcu-lazy-load wpcu-carousel\"\n\t\tstyle=\"\n\t\t\t--wpcu-productTitleSize: 16px;\n\t\t\t--wpcu-productTitleColor: #363940;\n\t\t\t--wpcu-productTitleColorHover: #ff5500;\n\t\t\t--wpcu-productPriceSize: 14px;\n\t\t\t--wpcu-productPriceColor: #ff5500;\n\t\t\t--wpcu-productRatingSize: 16px;\n\t\t\t--wpcu-productRatingColor: #FEB507;\n\t\t\t--wpcu-buttonColor: #ffffff;\n\t\t\t--wpcu-buttonColorHover: #ffffff;\n\t\t\t--wpcu-buttonBgColor: #ff5500;\n\t\t\t--wpcu-buttonBgColorHover: #ff5500;\n\t\t\t--wpcu-ribbonBgColor: #ff5500;\n\t\t\t--wpcu-qvIconColor: #ffffff;\n\t\t\t--wpcu-qvBgColor: #ff5500;\n\t\t\"\n\t\t\t\tdata-wpcu-items=\"4\"\n\t\tdata-wpcu-margin=\"30\"\n\t\tdata-wpcu-loop=\"true\"\n\t\tdata-wpcu-perslide=\"1\"\n\t\tdata-wpcu-speed=\"4000\"\n\t\tdata-wpcu-autoplay='\n\t\t\t\t{\n\t\t\t\"delay\": \"2000\",\n\t\t\t\"pauseOnMouseEnter\": true,\n\t\t\t\"disableOnInteraction\": false,\n\t\t\t\"stopOnLastSlide\": true\n\t\t}\n\t\t\t\t'\n\t\tdata-wpcu-responsive='{\n\t\t\t\"0\": {\"slidesPerView\": \"2\", \"spaceBetween\": \"20\"},\n\t\t\t\"768\": {\"slidesPerView\": \"3\", \"spaceBetween\": \"30\"},\n\t\t\t\"992\": {\"slidesPerView\": \"3\", \"spaceBetween\": \"30\"},\n\t\t\t\"1200\": {\"slidesPerView\": \"4\", \"spaceBetween\": \"30\"}\n\t\t}'\n\t\t\t\t>\n\t\t\t\t<div class=\"swiper-wrapper\">\n\t\t<div class=\"wpcu-product swiper-slide\">\n    <div class=\"wpcu-product__content\">\n        <div class=\"wpcu-product__img\">\n            <a href=\"https:\/\/www.casa-padilla.com\/index.php\/product\/juego-de-buje-para-tirante-ford-8295\/\">\n                <img src=\"https:\/\/www.casa-padilla.com\/wp-content\/uploads\/2023\/05\/TIRF8295-1-500x500.png\" alt=\"JUEGO DE BUJE PARA TIRANTE FORD 8295\">\n            <\/a>\n\n            \n            \n            \n            \n                        <div class=\"wpcu-overlay-content-bottom\">\n                <div class=\"wpcu-button\">\n                    <p class=\"product woocommerce add_to_cart_inline \" style=\"border:4px solid #ccc;padding: 12px\"><\/p>                <\/div>\n            <\/div>\n                    <\/div>\n        <div class=\"wpcu-product__details\">\n                        <h2 class=\"wpcu-product__title\"><a href=\"https:\/\/www.casa-padilla.com\/index.php\/product\/juego-de-buje-para-tirante-ford-8295\/\">JUEGO DE BUJE PARA TIRANTE FORD 8295<\/a><\/h2>\n                                    <div class=\"wpcu-product__price\">\n\n                <span class=\"wpcu-product__price__sale\"><\/span>\n\n                \n            <\/div>\n            \n                    <\/div>\n    <\/div>\n<\/div><!-- ends: .wpcu-product -->\n\n<div class=\"wpcu-product swiper-slide\">\n    <div class=\"wpcu-product__content\">\n        <div class=\"wpcu-product__img\">\n            <a href=\"https:\/\/www.casa-padilla.com\/index.php\/product\/juego-de-buje-para-tirante-ranger-8509\/\">\n                <img src=\"https:\/\/www.casa-padilla.com\/wp-content\/uploads\/2023\/05\/TIRF8509-1-500x500.png\" alt=\"JUEGO DE BUJE PARA TIRANTE RANGER 8509\">\n            <\/a>\n\n            \n            \n            \n            \n                        <div class=\"wpcu-overlay-content-bottom\">\n                <div class=\"wpcu-button\">\n                    <p class=\"product woocommerce add_to_cart_inline \" style=\"border:4px solid #ccc;padding: 12px\"><\/p>                <\/div>\n            <\/div>\n                    <\/div>\n        <div class=\"wpcu-product__details\">\n                        <h2 class=\"wpcu-product__title\"><a href=\"https:\/\/www.casa-padilla.com\/index.php\/product\/juego-de-buje-para-tirante-ranger-8509\/\">JUEGO DE BUJE PARA TIRANTE RANGER 8509<\/a><\/h2>\n                                    <div class=\"wpcu-product__price\">\n\n                <span class=\"wpcu-product__price__sale\"><\/span>\n\n                \n            <\/div>\n            \n                    <\/div>\n    <\/div>\n<\/div><!-- ends: .wpcu-product -->\n\n<div class=\"wpcu-product swiper-slide\">\n    <div class=\"wpcu-product__content\">\n        <div class=\"wpcu-product__img\">\n            <a href=\"https:\/\/www.casa-padilla.com\/index.php\/product\/juego-de-buje-para-tirante-camioneta-nissan-200\/\">\n                <img src=\"https:\/\/www.casa-padilla.com\/wp-content\/uploads\/2023\/05\/TIRNIS-1-500x500.png\" alt=\"JUEGO DE BUJE PARA TIRANTE CAMIONETA NISSAN 200\">\n            <\/a>\n\n            \n            \n            \n            \n                        <div class=\"wpcu-overlay-content-bottom\">\n                <div class=\"wpcu-button\">\n                    <p class=\"product woocommerce add_to_cart_inline \" style=\"border:4px solid #ccc;padding: 12px\"><\/p>                <\/div>\n            <\/div>\n                    <\/div>\n        <div class=\"wpcu-product__details\">\n                        <h2 class=\"wpcu-product__title\"><a href=\"https:\/\/www.casa-padilla.com\/index.php\/product\/juego-de-buje-para-tirante-camioneta-nissan-200\/\">JUEGO DE BUJE PARA TIRANTE CAMIONETA NISSAN 200<\/a><\/h2>\n                                    <div class=\"wpcu-product__price\">\n\n                <span class=\"wpcu-product__price__sale\"><\/span>\n\n                \n            <\/div>\n            \n                    <\/div>\n    <\/div>\n<\/div><!-- ends: .wpcu-product -->\n\n<div class=\"wpcu-product swiper-slide\">\n    <div class=\"wpcu-product__content\">\n        <div class=\"wpcu-product__img\">\n            <a href=\"https:\/\/www.casa-padilla.com\/index.php\/product\/juego-de-buje-para-tirante-camioneta-toyota-100\/\">\n                <img src=\"https:\/\/www.casa-padilla.com\/wp-content\/uploads\/2023\/05\/TIRTOY-1-500x500.png\" alt=\"JUEGO DE BUJE PARA TIRANTE CAMIONETA TOYOTA 100\">\n            <\/a>\n\n            \n            \n            \n            \n                        <div class=\"wpcu-overlay-content-bottom\">\n                <div class=\"wpcu-button\">\n                    <p class=\"product woocommerce add_to_cart_inline \" style=\"border:4px solid #ccc;padding: 12px\"><\/p>                <\/div>\n            <\/div>\n                    <\/div>\n        <div class=\"wpcu-product__details\">\n                        <h2 class=\"wpcu-product__title\"><a href=\"https:\/\/www.casa-padilla.com\/index.php\/product\/juego-de-buje-para-tirante-camioneta-toyota-100\/\">JUEGO DE BUJE PARA TIRANTE CAMIONETA TOYOTA 100<\/a><\/h2>\n                                    <div class=\"wpcu-product__price\">\n\n                <span class=\"wpcu-product__price__sale\"><\/span>\n\n                \n            <\/div>\n            \n                    <\/div>\n    <\/div>\n<\/div><!-- ends: .wpcu-product -->\n\n<div class=\"wpcu-product swiper-slide\">\n    <div class=\"wpcu-product__content\">\n        <div class=\"wpcu-product__img\">\n            <a href=\"https:\/\/www.casa-padilla.com\/index.php\/product\/juego-de-buje-para-tirante-honda-accord\/\">\n                <img src=\"https:\/\/www.casa-padilla.com\/wp-content\/uploads\/2023\/05\/TIRACCORD-1-500x500.png\" alt=\"JUEGO DE BUJE PARA TIRANTE HONDA ACCORD\">\n            <\/a>\n\n            \n            \n            \n            \n                        <div class=\"wpcu-overlay-content-bottom\">\n                <div class=\"wpcu-button\">\n                    <p class=\"product woocommerce add_to_cart_inline \" style=\"border:4px solid #ccc;padding: 12px\"><\/p>                <\/div>\n            <\/div>\n                    <\/div>\n        <div class=\"wpcu-product__details\">\n                        <h2 class=\"wpcu-product__title\"><a href=\"https:\/\/www.casa-padilla.com\/index.php\/product\/juego-de-buje-para-tirante-honda-accord\/\">JUEGO DE BUJE PARA TIRANTE HONDA ACCORD<\/a><\/h2>\n                                    <div class=\"wpcu-product__price\">\n\n                <span class=\"wpcu-product__price__sale\"><\/span>\n\n                \n            <\/div>\n            \n                    <\/div>\n    <\/div>\n<\/div><!-- ends: .wpcu-product -->\n\n\n\t\t\t<\/div>\n\t\t\t<!-- If we need navigation buttons -->\n<div class=\"wpcu-carousel-nav wpcu-carousel-nav--bottom-right\" style=\"\n  --wpcu-navArrowColor: #9192a3;\n  --wpcu-navArrowColorHover: #9192a3;\n  --wpcu-navBgColor: #000000;\n  --wpcu-navBgColorHover: #ffffff;\n  --wpcu-navBorderColor: #e4e4ed;\n  --wpcu-navBorderColorHover: #000000;\n\">\n    <div class=\"wpcu-carousel-nav__btn wpcu-carousel-nav__btn--prev\">\n        <svg xmlns=\"http:\/\/www.w3.org\/2000\/svg\" xmlns:xlink=\"http:\/\/www.w3.org\/1999\/xlink\" width=\"6\" height=\"100%\" preserveAspectRatio=\"xMidYMid meet\" viewBox=\"0 0 576 1024\" style=\"-ms-transform: rotate(360deg); -webkit-transform: rotate(360deg); transform: rotate(360deg);\"><path d=\"M528 0q14 0 24 10q4 3 6 7t3 8.5t1 9t-1 8.5t-3 8t-6 8L96 515l450 450q6 6 8.5 15t0 18t-8.5 15q-10 10-24.5 10t-24.5-10L23 539q-10-10-10-24t10-24L504 10q10-10 24-10z\"\/><rect x=\"0\" y=\"0\" width=\"576\" height=\"1024\" fill=\"rgba(0, 0, 0, 0)\" \/><\/svg>\n    <\/div>\n    <div class=\"wpcu-carousel-nav__btn wpcu-carousel-nav__btn--next\">\n        <svg xmlns=\"http:\/\/www.w3.org\/2000\/svg\" xmlns:xlink=\"http:\/\/www.w3.org\/1999\/xlink\" width=\"6\" height=\"100%\" preserveAspectRatio=\"xMidYMid meet\" viewBox=\"0 0 576 1024\" style=\"-ms-transform: rotate(360deg); -webkit-transform: rotate(360deg); transform: rotate(360deg);\"><path d=\"M48 1023q-14 0-24.5-10T13 989t10-24l457-457L30 59q-6-7-8.5-16t0-17.5T30 10Q40 0 54.5 0T79 10l473 474q5 5 7.5 11.5t2.5 13t-2.5 12.5t-7.5 11L72 1013q-5 5-11.5 7.5T48 1023z\"\/><rect x=\"0\" y=\"0\" width=\"576\" height=\"1024\" fill=\"rgba(0, 0, 0, 0)\" \/><\/svg>\n    <\/div>\n<\/div>\n\n\t\t\t \t\t<\/div><!-- ends: .wpcu-products -->\n\t\t\t\t<\/p>\n<p>[\/vc_column_text][\/vc_column][\/vc_row]<\/p>\n","protected":false},"excerpt":{"rendered":"<p>[vc_section css=&#8221;.vc_custom_1687986718139{margin-top: -50px !important;border-bottom-width: 1px !important;background-image: url(https:\/\/www.casa-padilla.com\/wp-content\/uploads\/2023\/06\/SERVICIOS-min.jpg?id=4068) !important;background-position: center !important;background-repeat: no-repeat !important;background-size: cover !important;border-bottom-style: solid !important;}&#8221;][vc_row][vc_column][\/vc_column][\/vc_row][vc_row][vc_column width=&#8221;1\/2&#8243;][vc_column_text] -Fabricaci\u00f3n de piezas de pl\u00e1stico para la suspensi\u00f3n automotriz -Maquila de inyecci\u00f3n de pl\u00e1stico -Fabricaci\u00f3n de moldes de inyecci\u00f3n -Electroerosi\u00f3n -Rectificado de superficies planas -Maquila en torno CNC -Fabricaci\u00f3n de piezas especiales -Desarrollo de productos Metal &#8211; Mec\u00e1nica [&hellip;]<\/p>\n","protected":false},"author":3,"featured_media":0,"parent":0,"menu_order":0,"comment_status":"closed","ping_status":"closed","template":"","meta":{"_joinchat":[]},"_links":{"self":[{"href":"https:\/\/www.casa-padilla.com\/index.php\/wp-json\/wp\/v2\/pages\/109"}],"collection":[{"href":"https:\/\/www.casa-padilla.com\/index.php\/wp-json\/wp\/v2\/pages"}],"about":[{"href":"https:\/\/www.casa-padilla.com\/index.php\/wp-json\/wp\/v2\/types\/page"}],"author":[{"embeddable":true,"href":"https:\/\/www.casa-padilla.com\/index.php\/wp-json\/wp\/v2\/users\/3"}],"replies":[{"embeddable":true,"href":"https:\/\/www.casa-padilla.com\/index.php\/wp-json\/wp\/v2\/comments?post=109"}],"version-history":[{"count":43,"href":"https:\/\/www.casa-padilla.com\/index.php\/wp-json\/wp\/v2\/pages\/109\/revisions"}],"predecessor-version":[{"id":5826,"href":"https:\/\/www.casa-padilla.com\/index.php\/wp-json\/wp\/v2\/pages\/109\/revisions\/5826"}],"wp:attachment":[{"href":"https:\/\/www.casa-padilla.com\/index.php\/wp-json\/wp\/v2\/media?parent=109"}],"curies":[{"name":"wp","href":"https:\/\/api.w.org\/{rel}","templated":true}]}}