{"id":6187,"date":"2023-09-11T17:00:09","date_gmt":"2023-09-11T17:00:09","guid":{"rendered":"https:\/\/www.casa-padilla.com\/?post_type=product&#038;p=6187"},"modified":"2024-02-06T18:19:16","modified_gmt":"2024-02-06T18:19:16","slug":"goma-de-barra-estabilizadora-ford-edge-trasera-15-20","status":"publish","type":"product","link":"https:\/\/www.casa-padilla.com\/index.php\/product\/goma-de-barra-estabilizadora-ford-edge-trasera-15-20\/","title":{"rendered":"GOMA DE BARRA ESTABILIZADORA FORD EDGE TRASERA 15-20\u2019"},"content":{"rendered":"<p>GOMA DE BARRA ESTABILIZADORA FORD EDGE TRASERA 15-20\u2019<\/p>\n<table>\n<tbody>\n<tr>\n<td width=\"114\"><strong>Di:<\/strong> 24.34mm<br \/>\n<strong>H:<\/strong> 38.89mm<\/td>\n<td width=\"108\"><strong>L:<\/strong> 50.44mm<br \/>\n<strong>An:<\/strong> 34.51mm<\/td>\n<\/tr>\n<\/tbody>\n<\/table>\n<table>\n<tbody>\n<tr>\n<td width=\"269\"><strong>Marca:<\/strong> FORD | <strong>Modelo:\u00a0<\/strong>EDGE<\/p>\n<p><strong>Motor: <\/strong>&#8211; |\u00a0<strong>Litros:<\/strong>\u00a0&#8211;<\/p>\n<p><strong>Posici\u00f3n:<\/strong> TRASERA<\/p>\n<p><strong>Especificaci\u00f3n: &#8211;<\/strong><\/p>\n<p><strong>A\u00f1o:<\/strong> 2015-2020<\/td>\n<\/tr>\n<\/tbody>\n<\/table>\n<p style=\"text-align: center;\"><span style=\"color: #ff6600;\"><strong>APLICACIONES<\/strong><\/span><\/p>\n<table>\n<tbody>\n<tr>\n<td width=\"269\"><strong>Marca:<\/strong> FORD | <strong>Modelo:\u00a0<\/strong>FUSION<\/p>\n<p><strong>Motor: <\/strong>&#8211; |\u00a0<strong>Litros:<\/strong>\u00a0&#8211;<\/p>\n<p><strong>Posici\u00f3n:<\/strong> TRASERA<\/p>\n<p><strong>Especificaci\u00f3n: &#8211;<\/strong><\/p>\n<p><strong>A\u00f1o:<\/strong> 2017-2020<\/td>\n<\/tr>\n<tr>\n<td width=\"269\"><strong>Marca:<\/strong> LINCOLN | <strong>Modelo:\u00a0<\/strong>MKX<\/p>\n<p><strong>Motor: <\/strong>&#8211; |\u00a0<strong>Litros:<\/strong>\u00a0&#8211;<\/p>\n<p><strong>Posici\u00f3n:<\/strong> TRASERA<\/p>\n<p><strong>Especificaci\u00f3n: &#8211;<\/strong><\/p>\n<p><strong>A\u00f1o:<\/strong> 2016-2018<\/td>\n<\/tr>\n<tr>\n<td width=\"269\"><strong>Marca:<\/strong> LINCOLN | <strong>Modelo:\u00a0<\/strong>NAUTILUS<\/p>\n<p><strong>Motor: <\/strong>&#8211; |\u00a0<strong>Litros:<\/strong>\u00a0&#8211;<\/p>\n<p><strong>Posici\u00f3n:<\/strong> TRASERA<\/p>\n<p><strong>Especificaci\u00f3n: &#8211;<\/strong><\/p>\n<p><strong>A\u00f1o:<\/strong> 2019-2020<\/td>\n<\/tr>\n<\/tbody>\n<\/table>\n<table width=\"332\">\n<tbody>\n<tr>\n<td width=\"137\">BAEDGT20<\/td>\n<td width=\"97\">4039103<\/td>\n<td width=\"97\">10-916<\/td>\n<\/tr>\n<\/tbody>\n<\/table>\n<p>&nbsp;<\/p>\n","protected":false},"excerpt":{"rendered":"<p>GOMA DE BARRA ESTABILIZADORA FORD EDGE TRASERA 15-20\u2019 Di: 24.34mm H: 38.89mm L: 50.44mm An: 34.51mm Marca: FORD | Modelo:\u00a0EDGE Motor: &#8211; |\u00a0Litros:\u00a0&#8211; Posici\u00f3n: TRASERA Especificaci\u00f3n: &#8211; A\u00f1o: 2015-2020 APLICACIONES Marca: FORD | Modelo:\u00a0FUSION Motor: &#8211; |\u00a0Litros:\u00a0&#8211; Posici\u00f3n: TRASERA Especificaci\u00f3n: &#8211; A\u00f1o: 2017-2020 Marca: LINCOLN | Modelo:\u00a0MKX Motor: &#8211; |\u00a0Litros:\u00a0&#8211; Posici\u00f3n: TRASERA Especificaci\u00f3n: &#8211; A\u00f1o: [&hellip;]<\/p>\n","protected":false},"featured_media":6189,"comment_status":"closed","ping_status":"closed","template":"","meta":{"_joinchat":[]},"product_cat":[50,41],"product_tag":[],"_links":{"self":[{"href":"https:\/\/www.casa-padilla.com\/index.php\/wp-json\/wp\/v2\/product\/6187"}],"collection":[{"href":"https:\/\/www.casa-padilla.com\/index.php\/wp-json\/wp\/v2\/product"}],"about":[{"href":"https:\/\/www.casa-padilla.com\/index.php\/wp-json\/wp\/v2\/types\/product"}],"replies":[{"embeddable":true,"href":"https:\/\/www.casa-padilla.com\/index.php\/wp-json\/wp\/v2\/comments?post=6187"}],"wp:featuredmedia":[{"embeddable":true,"href":"https:\/\/www.casa-padilla.com\/index.php\/wp-json\/wp\/v2\/media\/6189"}],"wp:attachment":[{"href":"https:\/\/www.casa-padilla.com\/index.php\/wp-json\/wp\/v2\/media?parent=6187"}],"wp:term":[{"taxonomy":"product_cat","embeddable":true,"href":"https:\/\/www.casa-padilla.com\/index.php\/wp-json\/wp\/v2\/product_cat?post=6187"},{"taxonomy":"product_tag","embeddable":true,"href":"https:\/\/www.casa-padilla.com\/index.php\/wp-json\/wp\/v2\/product_tag?post=6187"}],"curies":[{"name":"wp","href":"https:\/\/api.w.org\/{rel}","templated":true}]}}