{"id":6194,"date":"2023-09-11T17:25:43","date_gmt":"2023-09-11T17:25:43","guid":{"rendered":"https:\/\/www.casa-padilla.com\/?post_type=product&#038;p=6194"},"modified":"2023-09-11T18:58:44","modified_gmt":"2023-09-11T18:58:44","slug":"goma-de-barra-estabilizadora-altima-19-23-maxima-16-20-trasera-2","status":"publish","type":"product","link":"https:\/\/www.casa-padilla.com\/index.php\/product\/goma-de-barra-estabilizadora-altima-19-23-maxima-16-20-trasera-2\/","title":{"rendered":"GOMA DE BARRA ESTABILIZADORA ALTIMA 19-23\u2019, MAXIMA 16-20\u2019 TRASERA"},"content":{"rendered":"<p>GOMA DE BARRA ESTABILIZADORA ALTIMA 19-23\u2019,<br \/>\nMAXIMA 16-20\u2019 TRASERA<\/p>\n<table>\n<tbody>\n<tr>\n<td width=\"114\"><strong>Di:<\/strong> 16.02mm<br \/>\n<strong>H:<\/strong> 64.80mm<\/td>\n<td width=\"108\"><strong>L:<\/strong> 42.75mm<br \/>\n<strong>An:<\/strong> 37.70mm<\/td>\n<\/tr>\n<\/tbody>\n<\/table>\n<table>\n<tbody>\n<tr>\n<td width=\"269\"><strong>Marca:<\/strong> NISSAN | <strong>Modelo:\u00a0<\/strong>ALTIMA<\/p>\n<p><strong>Motor: <\/strong>&#8211; |\u00a0<strong>Litros:<\/strong>\u00a0&#8211;<\/p>\n<p><strong>Posici\u00f3n:<\/strong> TRASERA<\/p>\n<p><strong>Especificaci\u00f3n: &#8211;<\/strong><\/p>\n<p><strong>A\u00f1o:<\/strong> 2019-2023<\/td>\n<\/tr>\n<\/tbody>\n<\/table>\n<p style=\"text-align: center;\"><span style=\"color: #ff6600;\"><strong>APLICACIONES<\/strong><\/span><\/p>\n<table>\n<tbody>\n<tr>\n<td width=\"269\"><strong>Marca:<\/strong> NISSAN | <strong>Modelo:\u00a0<\/strong>MAXIMA<\/p>\n<p><strong>Motor: <\/strong>&#8211; |\u00a0<strong>Litros:<\/strong>\u00a0&#8211;<\/p>\n<p><strong>Posici\u00f3n:<\/strong> TRASERA<\/p>\n<p><strong>Especificaci\u00f3n: &#8211;<\/strong><\/p>\n<p><strong>A\u00f1o:<\/strong> 2016-2020<\/td>\n<\/tr>\n<\/tbody>\n<\/table>\n<table width=\"235\">\n<tbody>\n<tr>\n<td width=\"137\">BAALTTR23<\/td>\n<td width=\"97\">6739055<\/td>\n<\/tr>\n<\/tbody>\n<\/table>\n","protected":false},"excerpt":{"rendered":"<p>GOMA DE BARRA ESTABILIZADORA ALTIMA 19-23\u2019, MAXIMA 16-20\u2019 TRASERA Di: 16.02mm H: 64.80mm L: 42.75mm An: 37.70mm Marca: NISSAN | Modelo:\u00a0ALTIMA Motor: &#8211; |\u00a0Litros:\u00a0&#8211; Posici\u00f3n: TRASERA Especificaci\u00f3n: &#8211; A\u00f1o: 2019-2023 APLICACIONES Marca: NISSAN | Modelo:\u00a0MAXIMA Motor: &#8211; |\u00a0Litros:\u00a0&#8211; Posici\u00f3n: TRASERA Especificaci\u00f3n: &#8211; A\u00f1o: 2016-2020 BAALTTR23 6739055<\/p>\n","protected":false},"featured_media":6195,"comment_status":"closed","ping_status":"closed","template":"","meta":{"_joinchat":[]},"product_cat":[50,51],"product_tag":[],"_links":{"self":[{"href":"https:\/\/www.casa-padilla.com\/index.php\/wp-json\/wp\/v2\/product\/6194"}],"collection":[{"href":"https:\/\/www.casa-padilla.com\/index.php\/wp-json\/wp\/v2\/product"}],"about":[{"href":"https:\/\/www.casa-padilla.com\/index.php\/wp-json\/wp\/v2\/types\/product"}],"replies":[{"embeddable":true,"href":"https:\/\/www.casa-padilla.com\/index.php\/wp-json\/wp\/v2\/comments?post=6194"}],"wp:featuredmedia":[{"embeddable":true,"href":"https:\/\/www.casa-padilla.com\/index.php\/wp-json\/wp\/v2\/media\/6195"}],"wp:attachment":[{"href":"https:\/\/www.casa-padilla.com\/index.php\/wp-json\/wp\/v2\/media?parent=6194"}],"wp:term":[{"taxonomy":"product_cat","embeddable":true,"href":"https:\/\/www.casa-padilla.com\/index.php\/wp-json\/wp\/v2\/product_cat?post=6194"},{"taxonomy":"product_tag","embeddable":true,"href":"https:\/\/www.casa-padilla.com\/index.php\/wp-json\/wp\/v2\/product_tag?post=6194"}],"curies":[{"name":"wp","href":"https:\/\/api.w.org\/{rel}","templated":true}]}}