{"id":6202,"date":"2023-09-11T17:43:43","date_gmt":"2023-09-11T17:43:43","guid":{"rendered":"https:\/\/www.casa-padilla.com\/?post_type=product&#038;p=6202"},"modified":"2023-09-11T18:58:04","modified_gmt":"2023-09-11T18:58:04","slug":"goma-de-barra-estabilizadora-suzuki-ignis-21-23-delantera-2","status":"publish","type":"product","link":"https:\/\/www.casa-padilla.com\/index.php\/product\/goma-de-barra-estabilizadora-suzuki-ignis-21-23-delantera-2\/","title":{"rendered":"GOMA DE BARRA ESTABILIZADORA SUZUKI IGNIS 21-23\u2019 DELANTERA"},"content":{"rendered":"<p>GOMA DE BARRA ESTABILIZADORA SUZUKI IGNIS<br \/>\n21-23\u2019 DELANTERA\u2019<\/p>\n<table>\n<tbody>\n<tr>\n<td width=\"114\"><strong>Di:<\/strong> 17.23mm<br \/>\n<strong>H:<\/strong> 29.45mm<\/td>\n<td width=\"108\"><strong>L:<\/strong> 32.20mm<br \/>\n<strong>An:<\/strong> 28.80mm<\/td>\n<\/tr>\n<\/tbody>\n<\/table>\n<table>\n<tbody>\n<tr>\n<td width=\"269\"><strong>Marca:<\/strong> SUSUKI | <strong>Modelo:\u00a0<\/strong>IGNIS<\/p>\n<p><strong>Motor: <\/strong>&#8211; |\u00a0<strong>Litros:<\/strong>\u00a0&#8211;<\/p>\n<p><strong>Posici\u00f3n:<\/strong> DELANTERA<\/p>\n<p><strong>Especificaci\u00f3n: &#8211;<\/strong><\/p>\n<p><strong>A\u00f1o:<\/strong> 2021-2023<\/td>\n<\/tr>\n<\/tbody>\n<\/table>\n<table width=\"235\">\n<tbody>\n<tr>\n<td width=\"137\">BASUZIGND23<\/td>\n<td width=\"97\">8439004<\/td>\n<\/tr>\n<\/tbody>\n<\/table>\n","protected":false},"excerpt":{"rendered":"<p>GOMA DE BARRA ESTABILIZADORA SUZUKI IGNIS 21-23\u2019 DELANTERA\u2019 Di: 17.23mm H: 29.45mm L: 32.20mm An: 28.80mm Marca: SUSUKI | Modelo:\u00a0IGNIS Motor: &#8211; |\u00a0Litros:\u00a0&#8211; Posici\u00f3n: DELANTERA Especificaci\u00f3n: &#8211; A\u00f1o: 2021-2023 BASUZIGND23 8439004<\/p>\n","protected":false},"featured_media":6203,"comment_status":"closed","ping_status":"closed","template":"","meta":{"_joinchat":[]},"product_cat":[50,51],"product_tag":[],"_links":{"self":[{"href":"https:\/\/www.casa-padilla.com\/index.php\/wp-json\/wp\/v2\/product\/6202"}],"collection":[{"href":"https:\/\/www.casa-padilla.com\/index.php\/wp-json\/wp\/v2\/product"}],"about":[{"href":"https:\/\/www.casa-padilla.com\/index.php\/wp-json\/wp\/v2\/types\/product"}],"replies":[{"embeddable":true,"href":"https:\/\/www.casa-padilla.com\/index.php\/wp-json\/wp\/v2\/comments?post=6202"}],"wp:featuredmedia":[{"embeddable":true,"href":"https:\/\/www.casa-padilla.com\/index.php\/wp-json\/wp\/v2\/media\/6203"}],"wp:attachment":[{"href":"https:\/\/www.casa-padilla.com\/index.php\/wp-json\/wp\/v2\/media?parent=6202"}],"wp:term":[{"taxonomy":"product_cat","embeddable":true,"href":"https:\/\/www.casa-padilla.com\/index.php\/wp-json\/wp\/v2\/product_cat?post=6202"},{"taxonomy":"product_tag","embeddable":true,"href":"https:\/\/www.casa-padilla.com\/index.php\/wp-json\/wp\/v2\/product_tag?post=6202"}],"curies":[{"name":"wp","href":"https:\/\/api.w.org\/{rel}","templated":true}]}}