{"id":6208,"date":"2023-09-11T17:56:46","date_gmt":"2023-09-11T17:56:46","guid":{"rendered":"https:\/\/www.casa-padilla.com\/?post_type=product&#038;p=6208"},"modified":"2023-10-11T17:00:20","modified_gmt":"2023-10-11T17:00:20","slug":"goma-de-barra-estabilizadora-suzuki-sx4-2","status":"publish","type":"product","link":"https:\/\/www.casa-padilla.com\/index.php\/product\/goma-de-barra-estabilizadora-suzuki-sx4-2\/","title":{"rendered":"GOMA DE BARRA ESTABILIZADORA SUZUKI SX4 DELANTERA 07-13"},"content":{"rendered":"<p>GOMA DE BARRA ESTABILIZADORA SUZUKI SX4<\/p>\n<table>\n<tbody>\n<tr>\n<td width=\"114\"><strong>Di:<\/strong> 22.10mm<br \/>\n<strong>H:<\/strong> 41.80mm<\/td>\n<td width=\"108\"><strong>L:<\/strong> 43.15mm<br \/>\n<strong>An:<\/strong> 31.27mm<\/td>\n<\/tr>\n<\/tbody>\n<\/table>\n<table>\n<tbody>\n<tr>\n<td width=\"269\"><strong>Marca:<\/strong> SUSUKI | <strong>Modelo:\u00a0<\/strong>SX4<\/p>\n<p><strong>Motor: <\/strong>&#8211; |\u00a0<strong>Litros:<\/strong>\u00a0&#8211;<\/p>\n<p><strong>Posici\u00f3n:<\/strong> DELANTERA<\/p>\n<p><strong>Especificaci\u00f3n: &#8211;<\/strong><\/p>\n<p><strong>A\u00f1o:<\/strong> 2007-2013<\/td>\n<\/tr>\n<\/tbody>\n<\/table>\n<table width=\"235\">\n<tbody>\n<tr>\n<td width=\"137\">BASUZUSX4<\/td>\n<td width=\"97\">4243179J00<\/td>\n<\/tr>\n<\/tbody>\n<\/table>\n","protected":false},"excerpt":{"rendered":"<p>GOMA DE BARRA ESTABILIZADORA SUZUKI SX4 Di: 22.10mm H: 41.80mm L: 43.15mm An: 31.27mm Marca: SUSUKI | Modelo:\u00a0SX4 Motor: &#8211; |\u00a0Litros:\u00a0&#8211; Posici\u00f3n: DELANTERA Especificaci\u00f3n: &#8211; A\u00f1o: 2007-2013 BASUZUSX4 4243179J00<\/p>\n","protected":false},"featured_media":6209,"comment_status":"closed","ping_status":"closed","template":"","meta":{"_joinchat":[]},"product_cat":[50,51],"product_tag":[],"_links":{"self":[{"href":"https:\/\/www.casa-padilla.com\/index.php\/wp-json\/wp\/v2\/product\/6208"}],"collection":[{"href":"https:\/\/www.casa-padilla.com\/index.php\/wp-json\/wp\/v2\/product"}],"about":[{"href":"https:\/\/www.casa-padilla.com\/index.php\/wp-json\/wp\/v2\/types\/product"}],"replies":[{"embeddable":true,"href":"https:\/\/www.casa-padilla.com\/index.php\/wp-json\/wp\/v2\/comments?post=6208"}],"wp:featuredmedia":[{"embeddable":true,"href":"https:\/\/www.casa-padilla.com\/index.php\/wp-json\/wp\/v2\/media\/6209"}],"wp:attachment":[{"href":"https:\/\/www.casa-padilla.com\/index.php\/wp-json\/wp\/v2\/media?parent=6208"}],"wp:term":[{"taxonomy":"product_cat","embeddable":true,"href":"https:\/\/www.casa-padilla.com\/index.php\/wp-json\/wp\/v2\/product_cat?post=6208"},{"taxonomy":"product_tag","embeddable":true,"href":"https:\/\/www.casa-padilla.com\/index.php\/wp-json\/wp\/v2\/product_tag?post=6208"}],"curies":[{"name":"wp","href":"https:\/\/api.w.org\/{rel}","templated":true}]}}