{"id":6780,"date":"2023-10-27T15:39:51","date_gmt":"2023-10-27T15:39:51","guid":{"rendered":"https:\/\/www.casa-padilla.com\/?post_type=product&#038;p=6780"},"modified":"2024-02-12T16:58:22","modified_gmt":"2024-02-12T16:58:22","slug":"goma-de-barra-estabilizadora-chevrolet-tracker-delantera-20-23-2","status":"publish","type":"product","link":"https:\/\/www.casa-padilla.com\/index.php\/product\/goma-de-barra-estabilizadora-chevrolet-tracker-delantera-20-23-2\/","title":{"rendered":"GOMA DE BARRA ESTABILIZADORA CHEVROLET TRACKER DELANTERA 20-23"},"content":{"rendered":"<p>GOMA DE BARRA ESTABILIZADORA CHEVROLET TRACKER DELANTERA 20-23\u2019<\/p>\n<table>\n<tbody>\n<tr>\n<td width=\"114\"><strong>Di:<\/strong> 20.41mm<br \/>\n<strong>H:<\/strong> 45.90mm<\/td>\n<td width=\"108\"><strong>L:<\/strong> 37.55mm<br \/>\n<strong>An:<\/strong> 41.55mm<\/td>\n<\/tr>\n<\/tbody>\n<\/table>\n<table>\n<tbody>\n<tr>\n<td width=\"269\"><strong>Marca:<\/strong> CHEVROLET | <strong>Modelo: <\/strong>TRACKER<\/p>\n<p><strong>Motor: <\/strong>&#8211; |\u00a0<strong>Litros:<\/strong>\u00a0&#8211;<\/p>\n<p><strong>Posici\u00f3n:<\/strong> DELANTERA<\/p>\n<p><strong>Especificaci\u00f3n: &#8211;<\/strong><\/p>\n<p><strong>A\u00f1o:<\/strong> 2020-2023<\/td>\n<\/tr>\n<\/tbody>\n<\/table>\n<table width=\"371\">\n<tbody>\n<tr>\n<td width=\"137\">BATRACD23<\/td>\n<td width=\"136\">2739073<\/td>\n<td width=\"97\"><\/td>\n<\/tr>\n<\/tbody>\n<\/table>\n<p>&nbsp;<\/p>\n","protected":false},"excerpt":{"rendered":"<p>GOMA DE BARRA ESTABILIZADORA CHEVROLET TRACKER DELANTERA 20-23\u2019 Di: 20.41mm H: 45.90mm L: 37.55mm An: 41.55mm Marca: CHEVROLET | Modelo: TRACKER Motor: &#8211; |\u00a0Litros:\u00a0&#8211; Posici\u00f3n: DELANTERA Especificaci\u00f3n: &#8211; A\u00f1o: 2020-2023 BATRACD23 2739073 &nbsp;<\/p>\n","protected":false},"featured_media":6781,"comment_status":"closed","ping_status":"closed","template":"","meta":{"_joinchat":[]},"product_cat":[50,41],"product_tag":[],"_links":{"self":[{"href":"https:\/\/www.casa-padilla.com\/index.php\/wp-json\/wp\/v2\/product\/6780"}],"collection":[{"href":"https:\/\/www.casa-padilla.com\/index.php\/wp-json\/wp\/v2\/product"}],"about":[{"href":"https:\/\/www.casa-padilla.com\/index.php\/wp-json\/wp\/v2\/types\/product"}],"replies":[{"embeddable":true,"href":"https:\/\/www.casa-padilla.com\/index.php\/wp-json\/wp\/v2\/comments?post=6780"}],"wp:featuredmedia":[{"embeddable":true,"href":"https:\/\/www.casa-padilla.com\/index.php\/wp-json\/wp\/v2\/media\/6781"}],"wp:attachment":[{"href":"https:\/\/www.casa-padilla.com\/index.php\/wp-json\/wp\/v2\/media?parent=6780"}],"wp:term":[{"taxonomy":"product_cat","embeddable":true,"href":"https:\/\/www.casa-padilla.com\/index.php\/wp-json\/wp\/v2\/product_cat?post=6780"},{"taxonomy":"product_tag","embeddable":true,"href":"https:\/\/www.casa-padilla.com\/index.php\/wp-json\/wp\/v2\/product_tag?post=6780"}],"curies":[{"name":"wp","href":"https:\/\/api.w.org\/{rel}","templated":true}]}}