{"id":6782,"date":"2023-10-27T15:47:11","date_gmt":"2023-10-27T15:47:11","guid":{"rendered":"https:\/\/www.casa-padilla.com\/?post_type=product&#038;p=6782"},"modified":"2024-02-14T22:16:33","modified_gmt":"2024-02-14T22:16:33","slug":"goma-de-barra-estabilizadora-mg-hs-trasera-21-24","status":"publish","type":"product","link":"https:\/\/www.casa-padilla.com\/index.php\/product\/goma-de-barra-estabilizadora-mg-hs-trasera-21-24\/","title":{"rendered":"GOMA DE BARRA ESTABILIZADORA MG HS TRASERA 21-24"},"content":{"rendered":"<p>GOMA DE BARRA ESTABILIZADORA MG HS TRASERA 21-24 \u2019<\/p>\n<table>\n<tbody>\n<tr>\n<td width=\"114\"><strong>Di:<\/strong> 17.75mm<br \/>\n<strong>H:<\/strong> 43.12mm<\/td>\n<td width=\"108\"><strong>L:<\/strong> 36.80mm<br \/>\n<strong>An:<\/strong> 42.00mm<\/td>\n<\/tr>\n<\/tbody>\n<\/table>\n<table>\n<tbody>\n<tr>\n<td width=\"269\"><strong>Marca:<\/strong> MG | <strong>Modelo: <\/strong>HS<\/p>\n<p><strong>Motor: <\/strong>&#8211; |\u00a0<strong>Litros:<\/strong>\u00a0&#8211;<\/p>\n<p><strong>Posici\u00f3n:<\/strong> TRASERA<\/p>\n<p><strong>Especificaci\u00f3n: &#8211;<\/strong><\/p>\n<p><strong>A\u00f1o:<\/strong> 2021-2024<\/td>\n<\/tr>\n<\/tbody>\n<\/table>\n<table width=\"371\">\n<tbody>\n<tr>\n<td width=\"137\">BAHST24<\/td>\n<td width=\"136\">4839001<\/td>\n<td width=\"97\"><\/td>\n<\/tr>\n<\/tbody>\n<\/table>\n<p>&nbsp;<\/p>\n","protected":false},"excerpt":{"rendered":"<p>GOMA DE BARRA ESTABILIZADORA MG HS TRASERA 21-24 \u2019 Di: 17.75mm H: 43.12mm L: 36.80mm An: 42.00mm Marca: MG | Modelo: HS Motor: &#8211; |\u00a0Litros:\u00a0&#8211; Posici\u00f3n: TRASERA Especificaci\u00f3n: &#8211; A\u00f1o: 2021-2024 BAHST24 4839001 &nbsp;<\/p>\n","protected":false},"featured_media":6783,"comment_status":"closed","ping_status":"closed","template":"","meta":{"_joinchat":[]},"product_cat":[50,41],"product_tag":[],"_links":{"self":[{"href":"https:\/\/www.casa-padilla.com\/index.php\/wp-json\/wp\/v2\/product\/6782"}],"collection":[{"href":"https:\/\/www.casa-padilla.com\/index.php\/wp-json\/wp\/v2\/product"}],"about":[{"href":"https:\/\/www.casa-padilla.com\/index.php\/wp-json\/wp\/v2\/types\/product"}],"replies":[{"embeddable":true,"href":"https:\/\/www.casa-padilla.com\/index.php\/wp-json\/wp\/v2\/comments?post=6782"}],"wp:featuredmedia":[{"embeddable":true,"href":"https:\/\/www.casa-padilla.com\/index.php\/wp-json\/wp\/v2\/media\/6783"}],"wp:attachment":[{"href":"https:\/\/www.casa-padilla.com\/index.php\/wp-json\/wp\/v2\/media?parent=6782"}],"wp:term":[{"taxonomy":"product_cat","embeddable":true,"href":"https:\/\/www.casa-padilla.com\/index.php\/wp-json\/wp\/v2\/product_cat?post=6782"},{"taxonomy":"product_tag","embeddable":true,"href":"https:\/\/www.casa-padilla.com\/index.php\/wp-json\/wp\/v2\/product_tag?post=6782"}],"curies":[{"name":"wp","href":"https:\/\/api.w.org\/{rel}","templated":true}]}}