{"id":6786,"date":"2023-10-27T16:49:14","date_gmt":"2023-10-27T16:49:14","guid":{"rendered":"https:\/\/www.casa-padilla.com\/?post_type=product&#038;p=6786"},"modified":"2024-02-06T18:10:14","modified_gmt":"2024-02-06T18:10:14","slug":"goma-de-barra-estabilizadora-accord-trasera-14-mm-08-12","status":"publish","type":"product","link":"https:\/\/www.casa-padilla.com\/index.php\/product\/goma-de-barra-estabilizadora-accord-trasera-14-mm-08-12\/","title":{"rendered":"GOMA DE BARRA ESTABILIZADORA ACCORD TRASERA 14 MM 08-12"},"content":{"rendered":"<p>GOMA DE BARRA ESTABILIZADORA ACCORD TRASERA 14 MM 08-12 \u2019<\/p>\n<table>\n<tbody>\n<tr>\n<td width=\"114\"><strong>Di:<\/strong> 12.70mm<br \/>\n<strong>H:<\/strong> 42.02mm<\/td>\n<td width=\"108\"><strong>L:<\/strong> 43.46mm<br \/>\n<strong>An:<\/strong> 40.50mm<\/td>\n<\/tr>\n<\/tbody>\n<\/table>\n<table>\n<tbody>\n<tr>\n<td width=\"269\"><strong>Marca:<\/strong> HONDA | <strong>Modelo: <\/strong>ACCORD<\/p>\n<p><strong>Motor: <\/strong>&#8211; |\u00a0<strong>Litros:<\/strong>\u00a0&#8211;<\/p>\n<p><strong>Posici\u00f3n:<\/strong> TRASERA<\/p>\n<p><strong>Especificaci\u00f3n: &#8211;<\/strong><\/p>\n<p><strong>A\u00f1o:<\/strong> 2008-2012<\/td>\n<\/tr>\n<\/tbody>\n<\/table>\n<table width=\"371\">\n<tbody>\n<tr>\n<td width=\"137\">BAACT14MM<\/td>\n<td width=\"136\">5039021<\/td>\n<td width=\"97\">6902<\/td>\n<\/tr>\n<\/tbody>\n<\/table>\n<p>&nbsp;<\/p>\n","protected":false},"excerpt":{"rendered":"<p>GOMA DE BARRA ESTABILIZADORA ACCORD TRASERA 14 MM 08-12 \u2019 Di: 12.70mm H: 42.02mm L: 43.46mm An: 40.50mm Marca: HONDA | Modelo: ACCORD Motor: &#8211; |\u00a0Litros:\u00a0&#8211; Posici\u00f3n: TRASERA Especificaci\u00f3n: &#8211; A\u00f1o: 2008-2012 BAACT14MM 5039021 6902 &nbsp;<\/p>\n","protected":false},"featured_media":6787,"comment_status":"closed","ping_status":"closed","template":"","meta":{"_joinchat":[]},"product_cat":[50,41],"product_tag":[],"_links":{"self":[{"href":"https:\/\/www.casa-padilla.com\/index.php\/wp-json\/wp\/v2\/product\/6786"}],"collection":[{"href":"https:\/\/www.casa-padilla.com\/index.php\/wp-json\/wp\/v2\/product"}],"about":[{"href":"https:\/\/www.casa-padilla.com\/index.php\/wp-json\/wp\/v2\/types\/product"}],"replies":[{"embeddable":true,"href":"https:\/\/www.casa-padilla.com\/index.php\/wp-json\/wp\/v2\/comments?post=6786"}],"wp:featuredmedia":[{"embeddable":true,"href":"https:\/\/www.casa-padilla.com\/index.php\/wp-json\/wp\/v2\/media\/6787"}],"wp:attachment":[{"href":"https:\/\/www.casa-padilla.com\/index.php\/wp-json\/wp\/v2\/media?parent=6786"}],"wp:term":[{"taxonomy":"product_cat","embeddable":true,"href":"https:\/\/www.casa-padilla.com\/index.php\/wp-json\/wp\/v2\/product_cat?post=6786"},{"taxonomy":"product_tag","embeddable":true,"href":"https:\/\/www.casa-padilla.com\/index.php\/wp-json\/wp\/v2\/product_tag?post=6786"}],"curies":[{"name":"wp","href":"https:\/\/api.w.org\/{rel}","templated":true}]}}