{"id":6790,"date":"2023-10-27T18:00:40","date_gmt":"2023-10-27T18:00:40","guid":{"rendered":"https:\/\/www.casa-padilla.com\/?post_type=product&#038;p=6790"},"modified":"2024-02-14T22:23:13","modified_gmt":"2024-02-14T22:23:13","slug":"goma-de-barra-estabilizadora-mazda-2-delantera-16-23","status":"publish","type":"product","link":"https:\/\/www.casa-padilla.com\/index.php\/product\/goma-de-barra-estabilizadora-mazda-2-delantera-16-23\/","title":{"rendered":"GOMA DE BARRA ESTABILIZADORA MAZDA 2 DELANTERA 16-23"},"content":{"rendered":"<p>GOMA DE BARRA ESTABILIZADORA MAZDA 2 DELANTERA 16-23 \u2019<\/p>\n<table>\n<tbody>\n<tr>\n<td width=\"114\"><strong>Di:<\/strong> 18.00mm<br \/>\n<strong>H:<\/strong> 51.80mm<\/td>\n<td width=\"108\"><strong>L:<\/strong> 40.00mm<br \/>\n<strong>An:<\/strong> 49.21mm<\/td>\n<\/tr>\n<\/tbody>\n<\/table>\n<table>\n<tbody>\n<tr>\n<td width=\"269\"><strong>Marca:<\/strong> MAZDA | <strong>Modelo: <\/strong>MAZDA 2<\/p>\n<p><strong>Motor: <\/strong>&#8211; |\u00a0<strong>Litros:<\/strong>\u00a0&#8211;<\/p>\n<p><strong>Posici\u00f3n:<\/strong> DELANTERA<\/p>\n<p><strong>Especificaci\u00f3n: &#8211;<\/strong><\/p>\n<p><strong>A\u00f1o:<\/strong> 2016-2023<\/td>\n<\/tr>\n<\/tbody>\n<\/table>\n<p style=\"text-align: center;\"><strong><span style=\"color: #ff6600;\">APLICACIONES<\/span><\/strong><\/p>\n<table>\n<tbody>\n<tr>\n<td width=\"269\"><strong>Marca:<\/strong> TOYOTA | <strong>Modelo: <\/strong>YARIS R<\/p>\n<p><strong>Motor: <\/strong>&#8211; |\u00a0<strong>Litros:<\/strong>\u00a0&#8211;<\/p>\n<p><strong>Posici\u00f3n:<\/strong> DELANTERA<\/p>\n<p><strong>Especificaci\u00f3n: &#8211;<\/strong><\/p>\n<p><strong>A\u00f1o:<\/strong> 2016-2019<\/td>\n<\/tr>\n<\/tbody>\n<\/table>\n<table width=\"371\">\n<tbody>\n<tr>\n<td width=\"137\">BAMAZ2D23<\/td>\n<td width=\"136\">4739009<\/td>\n<td width=\"97\"><\/td>\n<\/tr>\n<\/tbody>\n<\/table>\n<p>&nbsp;<\/p>\n","protected":false},"excerpt":{"rendered":"<p>GOMA DE BARRA ESTABILIZADORA MAZDA 2 DELANTERA 16-23 \u2019 Di: 18.00mm H: 51.80mm L: 40.00mm An: 49.21mm Marca: MAZDA | Modelo: MAZDA 2 Motor: &#8211; |\u00a0Litros:\u00a0&#8211; Posici\u00f3n: DELANTERA Especificaci\u00f3n: &#8211; A\u00f1o: 2016-2023 APLICACIONES Marca: TOYOTA | Modelo: YARIS R Motor: &#8211; |\u00a0Litros:\u00a0&#8211; Posici\u00f3n: DELANTERA Especificaci\u00f3n: &#8211; A\u00f1o: 2016-2019 BAMAZ2D23 4739009 &nbsp;<\/p>\n","protected":false},"featured_media":6791,"comment_status":"closed","ping_status":"closed","template":"","meta":{"_joinchat":[]},"product_cat":[50,41],"product_tag":[],"_links":{"self":[{"href":"https:\/\/www.casa-padilla.com\/index.php\/wp-json\/wp\/v2\/product\/6790"}],"collection":[{"href":"https:\/\/www.casa-padilla.com\/index.php\/wp-json\/wp\/v2\/product"}],"about":[{"href":"https:\/\/www.casa-padilla.com\/index.php\/wp-json\/wp\/v2\/types\/product"}],"replies":[{"embeddable":true,"href":"https:\/\/www.casa-padilla.com\/index.php\/wp-json\/wp\/v2\/comments?post=6790"}],"wp:featuredmedia":[{"embeddable":true,"href":"https:\/\/www.casa-padilla.com\/index.php\/wp-json\/wp\/v2\/media\/6791"}],"wp:attachment":[{"href":"https:\/\/www.casa-padilla.com\/index.php\/wp-json\/wp\/v2\/media?parent=6790"}],"wp:term":[{"taxonomy":"product_cat","embeddable":true,"href":"https:\/\/www.casa-padilla.com\/index.php\/wp-json\/wp\/v2\/product_cat?post=6790"},{"taxonomy":"product_tag","embeddable":true,"href":"https:\/\/www.casa-padilla.com\/index.php\/wp-json\/wp\/v2\/product_tag?post=6790"}],"curies":[{"name":"wp","href":"https:\/\/api.w.org\/{rel}","templated":true}]}}