{"id":6795,"date":"2023-10-27T19:00:50","date_gmt":"2023-10-27T19:00:50","guid":{"rendered":"https:\/\/www.casa-padilla.com\/?post_type=product&#038;p=6795"},"modified":"2024-02-06T18:11:39","modified_gmt":"2024-02-06T18:11:39","slug":"goma-de-barra-estabilizadora-montero-delantera-02-06","status":"publish","type":"product","link":"https:\/\/www.casa-padilla.com\/index.php\/product\/goma-de-barra-estabilizadora-montero-delantera-02-06\/","title":{"rendered":"GOMA DE BARRA ESTABILIZADORA MONTERO DELANTERA 02-06\u2019"},"content":{"rendered":"<p>GOMA DE BARRA ESTABILIZADORA MONTERO DELANTERA 02-06\u2019<\/p>\n<table>\n<tbody>\n<tr>\n<td width=\"114\"><strong>Di:<\/strong> 31.30mm<br \/>\n<strong>H:<\/strong> 46.00mm<\/td>\n<td width=\"108\"><strong>L:<\/strong> 44.77mm<br \/>\n<strong>An:<\/strong> 44.15mm<\/td>\n<\/tr>\n<\/tbody>\n<\/table>\n<table>\n<tbody>\n<tr>\n<td width=\"269\"><strong>Marca:<\/strong> MITSUBISHI | <strong>Modelo: <\/strong>MONTERO<\/p>\n<p><strong>Motor: <\/strong>&#8211; |\u00a0<strong>Litros:<\/strong>\u00a0&#8211;<\/p>\n<p><strong>Posici\u00f3n:<\/strong> DELANTERA<\/p>\n<p><strong>Especificaci\u00f3n: &#8211;<\/strong><\/p>\n<p><strong>A\u00f1o:<\/strong> 2002-2006<\/td>\n<\/tr>\n<\/tbody>\n<\/table>\n<p style=\"text-align: center;\"><strong><span style=\"color: #ff6600;\">APLICACIONES<\/span><\/strong><\/p>\n<table>\n<tbody>\n<tr>\n<td width=\"269\"><strong>Marca:<\/strong> MITSUBISHI\u00a0 | <strong>Modelo:\u00a0<\/strong> SPORTERO<\/p>\n<p><strong>Motor:<\/strong>\u00a0&#8211; |\u00a0<strong>Litros:<\/strong>\u00a0&#8211;<\/p>\n<p><strong>Posici\u00f3n:<\/strong> DELANTERA<\/p>\n<p><strong>Especificaci\u00f3n: <\/strong><strong>&#8211;<\/strong><\/p>\n<p><strong>A\u00f1o:<\/strong> 2010-2015<\/td>\n<\/tr>\n<tr>\n<td width=\"269\"><strong>Marca:<\/strong> MITSUBISHI\u00a0 \u00a0| <strong>Modelo:\u00a0<\/strong> L200 4WD<\/p>\n<p><strong>Motor:<\/strong>\u00a0&#8211; |\u00a0<strong>Litros:<\/strong>\u00a0&#8211;<\/p>\n<p><strong>Posici\u00f3n:<\/strong> DELANTERA<\/p>\n<p><strong>Especificaci\u00f3n: <\/strong><strong>&#8211;<\/strong><\/p>\n<p><strong>A\u00f1o:<\/strong> 2010-2015<\/td>\n<\/tr>\n<tr>\n<td width=\"269\"><strong>Marca:<\/strong> HYUNDAI \u00a0| <strong>Modelo:\u00a0<\/strong> STAREX<\/p>\n<p><strong>Motor:<\/strong>\u00a0&#8211; |\u00a0<strong>Litros:<\/strong>\u00a0&#8211;<\/p>\n<p><strong>Posici\u00f3n:<\/strong> DELANTERA<\/p>\n<p><strong>Especificaci\u00f3n:\u00a0<\/strong><\/p>\n<p><strong>A\u00f1o:<\/strong> 2000-2004<\/td>\n<\/tr>\n<\/tbody>\n<\/table>\n<table width=\"224\">\n<tbody>\n<tr>\n<td width=\"137\">BAMONTD06<\/td>\n<td width=\"87\">548134A501<\/td>\n<\/tr>\n<\/tbody>\n<\/table>\n<p>&nbsp;<\/p>\n","protected":false},"excerpt":{"rendered":"<p>GOMA DE BARRA ESTABILIZADORA MONTERO DELANTERA 02-06\u2019 Di: 31.30mm H: 46.00mm L: 44.77mm An: 44.15mm Marca: MITSUBISHI | Modelo: MONTERO Motor: &#8211; |\u00a0Litros:\u00a0&#8211; Posici\u00f3n: DELANTERA Especificaci\u00f3n: &#8211; A\u00f1o: 2002-2006 APLICACIONES Marca: MITSUBISHI\u00a0 | Modelo:\u00a0 SPORTERO Motor:\u00a0&#8211; |\u00a0Litros:\u00a0&#8211; Posici\u00f3n: DELANTERA Especificaci\u00f3n: &#8211; A\u00f1o: 2010-2015 Marca: MITSUBISHI\u00a0 \u00a0| Modelo:\u00a0 L200 4WD Motor:\u00a0&#8211; |\u00a0Litros:\u00a0&#8211; Posici\u00f3n: DELANTERA Especificaci\u00f3n: &#8211; [&hellip;]<\/p>\n","protected":false},"featured_media":6796,"comment_status":"closed","ping_status":"closed","template":"","meta":{"_joinchat":[]},"product_cat":[50,41],"product_tag":[],"_links":{"self":[{"href":"https:\/\/www.casa-padilla.com\/index.php\/wp-json\/wp\/v2\/product\/6795"}],"collection":[{"href":"https:\/\/www.casa-padilla.com\/index.php\/wp-json\/wp\/v2\/product"}],"about":[{"href":"https:\/\/www.casa-padilla.com\/index.php\/wp-json\/wp\/v2\/types\/product"}],"replies":[{"embeddable":true,"href":"https:\/\/www.casa-padilla.com\/index.php\/wp-json\/wp\/v2\/comments?post=6795"}],"wp:featuredmedia":[{"embeddable":true,"href":"https:\/\/www.casa-padilla.com\/index.php\/wp-json\/wp\/v2\/media\/6796"}],"wp:attachment":[{"href":"https:\/\/www.casa-padilla.com\/index.php\/wp-json\/wp\/v2\/media?parent=6795"}],"wp:term":[{"taxonomy":"product_cat","embeddable":true,"href":"https:\/\/www.casa-padilla.com\/index.php\/wp-json\/wp\/v2\/product_cat?post=6795"},{"taxonomy":"product_tag","embeddable":true,"href":"https:\/\/www.casa-padilla.com\/index.php\/wp-json\/wp\/v2\/product_tag?post=6795"}],"curies":[{"name":"wp","href":"https:\/\/api.w.org\/{rel}","templated":true}]}}