{"id":6801,"date":"2023-10-27T21:27:05","date_gmt":"2023-10-27T21:27:05","guid":{"rendered":"https:\/\/www.casa-padilla.com\/?post_type=product&#038;p=6801"},"modified":"2023-10-27T22:02:06","modified_gmt":"2023-10-27T22:02:06","slug":"goma-de-barra-estabilizadora-suzuki-ertiga-delantera-18-23-2","status":"publish","type":"product","link":"https:\/\/www.casa-padilla.com\/index.php\/product\/goma-de-barra-estabilizadora-suzuki-ertiga-delantera-18-23-2\/","title":{"rendered":"GOMA DE BARRA ESTABILIZADORA SUZUKI ERTIGA DELANTERA 18-23"},"content":{"rendered":"<p>GOMA DE BARRA ESTABILIZADORA SUZUKI ERTIGA DELANTERA 18-23\u2019<\/p>\n<table>\n<tbody>\n<tr>\n<td width=\"114\"><strong>Di:<\/strong> 19.63mm<br \/>\n<strong>H:<\/strong> 34.60mm<\/td>\n<td width=\"108\"><strong>L:<\/strong> 46.06mm<br \/>\n<strong>An:<\/strong> 32.04mm<\/td>\n<\/tr>\n<\/tbody>\n<\/table>\n<table>\n<tbody>\n<tr>\n<td width=\"269\"><strong>Marca:<\/strong> SUZUKI| <strong>Modelo: <\/strong>ERTIGA<\/p>\n<p><strong>Motor: <\/strong>&#8211; |\u00a0<strong>Litros:<\/strong>\u00a0&#8211;<\/p>\n<p><strong>Posici\u00f3n:<\/strong> DELANTERA<\/p>\n<p><strong>Especificaci\u00f3n: &#8211;<\/strong><\/p>\n<p><strong>A\u00f1o:<\/strong> 2018-2023<\/td>\n<\/tr>\n<\/tbody>\n<\/table>\n<table width=\"224\">\n<tbody>\n<tr>\n<td width=\"137\">BAERTD23<\/td>\n<td width=\"87\">8439008<\/td>\n<\/tr>\n<\/tbody>\n<\/table>\n<p>&nbsp;<\/p>\n","protected":false},"excerpt":{"rendered":"<p>GOMA DE BARRA ESTABILIZADORA SUZUKI ERTIGA DELANTERA 18-23\u2019 Di: 19.63mm H: 34.60mm L: 46.06mm An: 32.04mm Marca: SUZUKI| Modelo: ERTIGA Motor: &#8211; |\u00a0Litros:\u00a0&#8211; Posici\u00f3n: DELANTERA Especificaci\u00f3n: &#8211; A\u00f1o: 2018-2023 BAERTD23 8439008 &nbsp;<\/p>\n","protected":false},"featured_media":6802,"comment_status":"closed","ping_status":"closed","template":"","meta":{"_joinchat":[]},"product_cat":[50,41],"product_tag":[],"_links":{"self":[{"href":"https:\/\/www.casa-padilla.com\/index.php\/wp-json\/wp\/v2\/product\/6801"}],"collection":[{"href":"https:\/\/www.casa-padilla.com\/index.php\/wp-json\/wp\/v2\/product"}],"about":[{"href":"https:\/\/www.casa-padilla.com\/index.php\/wp-json\/wp\/v2\/types\/product"}],"replies":[{"embeddable":true,"href":"https:\/\/www.casa-padilla.com\/index.php\/wp-json\/wp\/v2\/comments?post=6801"}],"wp:featuredmedia":[{"embeddable":true,"href":"https:\/\/www.casa-padilla.com\/index.php\/wp-json\/wp\/v2\/media\/6802"}],"wp:attachment":[{"href":"https:\/\/www.casa-padilla.com\/index.php\/wp-json\/wp\/v2\/media?parent=6801"}],"wp:term":[{"taxonomy":"product_cat","embeddable":true,"href":"https:\/\/www.casa-padilla.com\/index.php\/wp-json\/wp\/v2\/product_cat?post=6801"},{"taxonomy":"product_tag","embeddable":true,"href":"https:\/\/www.casa-padilla.com\/index.php\/wp-json\/wp\/v2\/product_tag?post=6801"}],"curies":[{"name":"wp","href":"https:\/\/api.w.org\/{rel}","templated":true}]}}