{"id":6803,"date":"2023-10-27T22:22:10","date_gmt":"2023-10-27T22:22:10","guid":{"rendered":"https:\/\/www.casa-padilla.com\/?post_type=product&#038;p=6803"},"modified":"2024-04-03T16:10:36","modified_gmt":"2024-04-03T16:10:36","slug":"goma-de-barra-estabilizadora-cherokee-delantera-4wd-14-18","status":"publish","type":"product","link":"https:\/\/www.casa-padilla.com\/index.php\/product\/goma-de-barra-estabilizadora-cherokee-delantera-4wd-14-18\/","title":{"rendered":"GOMA DE BARRA ESTABILIZADORA  CHEROKEE DELANTERA 4WD  14-18"},"content":{"rendered":"<p>GOMA DE BARRA ESTABILIZADORA CHEROKEE DELANTERA 4WD 14-18\u2019<\/p>\n<table>\n<tbody>\n<tr>\n<td width=\"114\"><strong>Di:<\/strong> 22.01mm<br \/>\n<strong>H:<\/strong> 42.44mm<\/td>\n<td width=\"108\"><strong>L:<\/strong> 44.96mm<br \/>\n<strong>An:<\/strong> 43.21mm<\/td>\n<\/tr>\n<\/tbody>\n<\/table>\n<table>\n<tbody>\n<tr>\n<td width=\"269\"><strong>Marca:<\/strong> JEEP| <strong>Modelo: <\/strong>CHEROKEE<\/p>\n<p><strong>Motor: <\/strong>&#8211; |\u00a0<strong>Litros:<\/strong>\u00a0&#8211;<\/p>\n<p><strong>Posici\u00f3n:<\/strong> DELANTERA<\/p>\n<p><strong>Especificaci\u00f3n: <\/strong>4WD<\/p>\n<p><strong>A\u00f1o:<\/strong> 2014-2018<\/td>\n<\/tr>\n<\/tbody>\n<\/table>\n<p style=\"text-align: center;\"><span style=\"color: #ff6600;\"><strong>APLIACIONES<\/strong><\/span><\/p>\n<table>\n<tbody>\n<tr>\n<td width=\"269\"><strong>Marca:<\/strong> CHRYSLER| <strong>Modelo: <\/strong>200<\/p>\n<p><strong>Motor: <\/strong>&#8211; |\u00a0<strong>Litros:<\/strong>\u00a0&#8211;<\/p>\n<p><strong>Posici\u00f3n:<\/strong> DELANTERA<\/p>\n<p><strong>Especificaci\u00f3n: <\/strong>&#8211;<\/p>\n<p><strong>A\u00f1o:<\/strong> 2015-2017<\/td>\n<\/tr>\n<\/tbody>\n<\/table>\n<table width=\"224\">\n<tbody>\n<tr>\n<td width=\"137\">BACHERD18<\/td>\n<td width=\"87\"><\/td>\n<\/tr>\n<\/tbody>\n<\/table>\n<p>&nbsp;<\/p>\n","protected":false},"excerpt":{"rendered":"<p>GOMA DE BARRA ESTABILIZADORA CHEROKEE DELANTERA 4WD 14-18\u2019 Di: 22.01mm H: 42.44mm L: 44.96mm An: 43.21mm Marca: JEEP| Modelo: CHEROKEE Motor: &#8211; |\u00a0Litros:\u00a0&#8211; Posici\u00f3n: DELANTERA Especificaci\u00f3n: 4WD A\u00f1o: 2014-2018 APLIACIONES Marca: CHRYSLER| Modelo: 200 Motor: &#8211; |\u00a0Litros:\u00a0&#8211; Posici\u00f3n: DELANTERA Especificaci\u00f3n: &#8211; A\u00f1o: 2015-2017 BACHERD18 &nbsp;<\/p>\n","protected":false},"featured_media":6804,"comment_status":"closed","ping_status":"closed","template":"","meta":{"_joinchat":[]},"product_cat":[50,41],"product_tag":[],"_links":{"self":[{"href":"https:\/\/www.casa-padilla.com\/index.php\/wp-json\/wp\/v2\/product\/6803"}],"collection":[{"href":"https:\/\/www.casa-padilla.com\/index.php\/wp-json\/wp\/v2\/product"}],"about":[{"href":"https:\/\/www.casa-padilla.com\/index.php\/wp-json\/wp\/v2\/types\/product"}],"replies":[{"embeddable":true,"href":"https:\/\/www.casa-padilla.com\/index.php\/wp-json\/wp\/v2\/comments?post=6803"}],"wp:featuredmedia":[{"embeddable":true,"href":"https:\/\/www.casa-padilla.com\/index.php\/wp-json\/wp\/v2\/media\/6804"}],"wp:attachment":[{"href":"https:\/\/www.casa-padilla.com\/index.php\/wp-json\/wp\/v2\/media?parent=6803"}],"wp:term":[{"taxonomy":"product_cat","embeddable":true,"href":"https:\/\/www.casa-padilla.com\/index.php\/wp-json\/wp\/v2\/product_cat?post=6803"},{"taxonomy":"product_tag","embeddable":true,"href":"https:\/\/www.casa-padilla.com\/index.php\/wp-json\/wp\/v2\/product_tag?post=6803"}],"curies":[{"name":"wp","href":"https:\/\/api.w.org\/{rel}","templated":true}]}}