{"id":7603,"date":"2024-05-24T22:26:54","date_gmt":"2024-05-24T22:26:54","guid":{"rendered":"https:\/\/www.casa-padilla.com\/?post_type=product&#038;p=7603"},"modified":"2024-05-24T22:29:06","modified_gmt":"2024-05-24T22:29:06","slug":"goma-de-barra-estabilizadora-bmw-serie-3-e36-serie-z-z3-trasera-2","status":"publish","type":"product","link":"https:\/\/www.casa-padilla.com\/index.php\/product\/goma-de-barra-estabilizadora-bmw-serie-3-e36-serie-z-z3-trasera-2\/","title":{"rendered":"GOMA DE BARRA ESTABILIZADORA BMW SERIE 3 E36 , SERIE Z Z3 TRASERA"},"content":{"rendered":"<p>GOMA DE BARRA ESTABILIZADORA BMW SERIE 3 E36 ,<br \/>\nSERIE Z Z3 TRASERA<\/p>\n<table>\n<tbody>\n<tr>\n<td width=\"114\"><strong>Di: <\/strong>16.02mm<br \/>\n<strong>H:<\/strong> 26.43mm<\/td>\n<td width=\"108\"><strong>L:<\/strong> 41.54mm<br \/>\n<strong>An:<\/strong> 29.04mm<\/td>\n<\/tr>\n<\/tbody>\n<\/table>\n<table>\n<tbody>\n<tr>\n<td width=\"269\"><strong>Marca:<\/strong> BMW\u00a0 | <strong>Modelo:<\/strong>SERIE 3 E36<\/p>\n<p><strong>Motor:<\/strong>\u00a0&#8211; |\u00a0<strong>Litros:<\/strong>\u00a0&#8211;<\/p>\n<p><strong>Posici\u00f3n:<\/strong> TRASERA<\/p>\n<p><strong>Especificaci\u00f3n: <\/strong>&#8211;<\/p>\n<p><strong>A\u00f1o:<\/strong> 2007-2012<\/td>\n<\/tr>\n<\/tbody>\n<\/table>\n<p>&nbsp;<\/p>\n<p style=\"text-align: center;\"><strong><span style=\"color: #ff6600;\">APLICACIONES<\/span><\/strong><\/p>\n<table>\n<tbody>\n<tr>\n<td width=\"269\"><strong>Marca:<\/strong> BMW\u00a0 | <strong>Modelo:\u00a0<\/strong>SERIE Z Z3<\/p>\n<p><strong>Motor:<\/strong>\u00a0&#8211; |\u00a0<strong>Litros:<\/strong>\u00a0&#8211;<\/p>\n<p><strong>Posici\u00f3n:<\/strong> TRASERA<\/p>\n<p><strong>Especificaci\u00f3n: <\/strong>&#8211;<\/p>\n<p><strong>A\u00f1o:<\/strong> 2007-2017<\/td>\n<\/tr>\n<\/tbody>\n<\/table>\n<table width=\"137\">\n<tbody>\n<tr>\n<td width=\"137\">BABMWSER3T<\/td>\n<\/tr>\n<\/tbody>\n<\/table>\n<p>&nbsp;<\/p>\n","protected":false},"excerpt":{"rendered":"<p>GOMA DE BARRA ESTABILIZADORA BMW SERIE 3 E36 , SERIE Z Z3 TRASERA Di: 16.02mm H: 26.43mm L: 41.54mm An: 29.04mm Marca: BMW\u00a0 | Modelo:SERIE 3 E36 Motor:\u00a0&#8211; |\u00a0Litros:\u00a0&#8211; Posici\u00f3n: TRASERA Especificaci\u00f3n: &#8211; A\u00f1o: 2007-2012 &nbsp; APLICACIONES Marca: BMW\u00a0 | Modelo:\u00a0SERIE Z Z3 Motor:\u00a0&#8211; |\u00a0Litros:\u00a0&#8211; Posici\u00f3n: TRASERA Especificaci\u00f3n: &#8211; A\u00f1o: 2007-2017 BABMWSER3T &nbsp;<\/p>\n","protected":false},"featured_media":7584,"comment_status":"closed","ping_status":"closed","template":"","meta":{"_joinchat":[]},"product_cat":[50,51],"product_tag":[],"_links":{"self":[{"href":"https:\/\/www.casa-padilla.com\/index.php\/wp-json\/wp\/v2\/product\/7603"}],"collection":[{"href":"https:\/\/www.casa-padilla.com\/index.php\/wp-json\/wp\/v2\/product"}],"about":[{"href":"https:\/\/www.casa-padilla.com\/index.php\/wp-json\/wp\/v2\/types\/product"}],"replies":[{"embeddable":true,"href":"https:\/\/www.casa-padilla.com\/index.php\/wp-json\/wp\/v2\/comments?post=7603"}],"wp:featuredmedia":[{"embeddable":true,"href":"https:\/\/www.casa-padilla.com\/index.php\/wp-json\/wp\/v2\/media\/7584"}],"wp:attachment":[{"href":"https:\/\/www.casa-padilla.com\/index.php\/wp-json\/wp\/v2\/media?parent=7603"}],"wp:term":[{"taxonomy":"product_cat","embeddable":true,"href":"https:\/\/www.casa-padilla.com\/index.php\/wp-json\/wp\/v2\/product_cat?post=7603"},{"taxonomy":"product_tag","embeddable":true,"href":"https:\/\/www.casa-padilla.com\/index.php\/wp-json\/wp\/v2\/product_tag?post=7603"}],"curies":[{"name":"wp","href":"https:\/\/api.w.org\/{rel}","templated":true}]}}