{"id":7614,"date":"2024-05-27T16:17:59","date_gmt":"2024-05-27T16:17:59","guid":{"rendered":"https:\/\/www.casa-padilla.com\/?post_type=product&#038;p=7614"},"modified":"2024-05-29T18:40:55","modified_gmt":"2024-05-29T18:40:55","slug":"goma-de-barra-estabilizadora-renault-trafic-delantera","status":"publish","type":"product","link":"https:\/\/www.casa-padilla.com\/index.php\/product\/goma-de-barra-estabilizadora-renault-trafic-delantera\/","title":{"rendered":"GOMA DE BARRA ESTABILIZADORA RENAULT TRAFIC DELANTERA 01-14"},"content":{"rendered":"<p>GOMA DE BARRA ESTABILIZADORA RENAULT TRAFIC DELANTERA 01-14<\/p>\n<table>\n<tbody>\n<tr>\n<td width=\"114\"><strong>Di: <\/strong>22.32mm<br \/>\n<strong>H:<\/strong> 49.50mm<\/td>\n<td width=\"108\"><strong>L:<\/strong> 39.90mm<br \/>\n<strong>An:<\/strong> 37.80mm<\/td>\n<\/tr>\n<\/tbody>\n<\/table>\n<table>\n<tbody>\n<tr>\n<td width=\"269\"><strong>Marca:<\/strong> RENAULT| <strong>Modelo: <\/strong>TRAFIC<\/p>\n<p><strong>Motor:<\/strong> <strong>&#8211;<\/strong> | <strong>Litros:<\/strong>\u00a0&#8211;<\/p>\n<p><strong>Posici\u00f3n:<\/strong> DELANTERA<\/p>\n<p><strong>Especificaci\u00f3n: <\/strong>&#8211;<\/p>\n<p><strong>A\u00f1o:<\/strong> 2001-2014<\/td>\n<\/tr>\n<\/tbody>\n<\/table>\n<p style=\"text-align: center;\"><span style=\"color: #ff6600;\"><strong>APLICACIONES<\/strong><\/span><\/p>\n<table>\n<tbody>\n<tr>\n<td width=\"269\"><strong>Marca:<\/strong> OPEL| <strong>Modelo:\u00a0<\/strong>VIVARO<\/p>\n<p><strong>Motor:<\/strong>\u00a0&#8211; |\u00a0<strong>Litros:<\/strong>\u00a0&#8211;<\/p>\n<p><strong>Posici\u00f3n:<\/strong>\u00a0DELANTERA<\/p>\n<p><strong>Especificaci\u00f3n: <\/strong>AL CHASIS<\/p>\n<p><strong>A\u00f1o:<\/strong> 2001-2014<\/td>\n<\/tr>\n<tr>\n<td width=\"269\"><strong>Marca:<\/strong> NISSAN| <strong>Modelo:\u00a0<\/strong>PRIMASTAR<\/p>\n<p><strong>Motor:<\/strong>\u00a0&#8211; |\u00a0<strong>Litros:<\/strong>\u00a0&#8211;<\/p>\n<p><strong>Posici\u00f3n:<\/strong>\u00a0&#8211;<\/p>\n<p><strong>Especificaci\u00f3n: &#8211;<\/strong><\/p>\n<p><strong>A\u00f1o:<\/strong> 2001-2014<\/td>\n<\/tr>\n<\/tbody>\n<\/table>\n<table width=\"137\">\n<tbody>\n<tr>\n<td width=\"137\">BATRAFICD<\/td>\n<\/tr>\n<\/tbody>\n<\/table>\n<p>&nbsp;<\/p>\n","protected":false},"excerpt":{"rendered":"<p>GOMA DE BARRA ESTABILIZADORA RENAULT TRAFIC DELANTERA 01-14 Di: 22.32mm H: 49.50mm L: 39.90mm An: 37.80mm Marca: RENAULT| Modelo: TRAFIC Motor: &#8211; | Litros:\u00a0&#8211; Posici\u00f3n: DELANTERA Especificaci\u00f3n: &#8211; A\u00f1o: 2001-2014 APLICACIONES Marca: OPEL| Modelo:\u00a0VIVARO Motor:\u00a0&#8211; |\u00a0Litros:\u00a0&#8211; Posici\u00f3n:\u00a0DELANTERA Especificaci\u00f3n: AL CHASIS A\u00f1o: 2001-2014 Marca: NISSAN| Modelo:\u00a0PRIMASTAR Motor:\u00a0&#8211; |\u00a0Litros:\u00a0&#8211; Posici\u00f3n:\u00a0&#8211; Especificaci\u00f3n: &#8211; A\u00f1o: 2001-2014 BATRAFICD &nbsp;<\/p>\n","protected":false},"featured_media":7569,"comment_status":"closed","ping_status":"closed","template":"","meta":{"_joinchat":[]},"product_cat":[50,41],"product_tag":[],"_links":{"self":[{"href":"https:\/\/www.casa-padilla.com\/index.php\/wp-json\/wp\/v2\/product\/7614"}],"collection":[{"href":"https:\/\/www.casa-padilla.com\/index.php\/wp-json\/wp\/v2\/product"}],"about":[{"href":"https:\/\/www.casa-padilla.com\/index.php\/wp-json\/wp\/v2\/types\/product"}],"replies":[{"embeddable":true,"href":"https:\/\/www.casa-padilla.com\/index.php\/wp-json\/wp\/v2\/comments?post=7614"}],"wp:featuredmedia":[{"embeddable":true,"href":"https:\/\/www.casa-padilla.com\/index.php\/wp-json\/wp\/v2\/media\/7569"}],"wp:attachment":[{"href":"https:\/\/www.casa-padilla.com\/index.php\/wp-json\/wp\/v2\/media?parent=7614"}],"wp:term":[{"taxonomy":"product_cat","embeddable":true,"href":"https:\/\/www.casa-padilla.com\/index.php\/wp-json\/wp\/v2\/product_cat?post=7614"},{"taxonomy":"product_tag","embeddable":true,"href":"https:\/\/www.casa-padilla.com\/index.php\/wp-json\/wp\/v2\/product_tag?post=7614"}],"curies":[{"name":"wp","href":"https:\/\/api.w.org\/{rel}","templated":true}]}}