{"id":7619,"date":"2024-05-27T16:59:04","date_gmt":"2024-05-27T16:59:04","guid":{"rendered":"https:\/\/www.casa-padilla.com\/?post_type=product&#038;p=7619"},"modified":"2024-05-29T18:21:39","modified_gmt":"2024-05-29T18:21:39","slug":"goma-de-barra-estabilizadora-mitsubishi-mirage-14-24","status":"publish","type":"product","link":"https:\/\/www.casa-padilla.com\/index.php\/product\/goma-de-barra-estabilizadora-mitsubishi-mirage-14-24\/","title":{"rendered":"GOMA DE BARRA ESTABILIZADORA MITSUBISHI MIRAGE 14-24"},"content":{"rendered":"<p>GOMA DE BARRA MITSUBISHI MIRAGE 14-24<\/p>\n<table>\n<tbody>\n<tr>\n<td width=\"114\"><strong>Di: <\/strong>17.70mm<br \/>\n<strong>H:<\/strong> 36.70mm<\/td>\n<td width=\"108\"><strong>L:<\/strong> 35.45mm<br \/>\n<strong>An:<\/strong> 33.96mm<\/td>\n<\/tr>\n<\/tbody>\n<\/table>\n<table>\n<tbody>\n<tr>\n<td width=\"269\"><strong>Marca:<\/strong> MITSUBISHI | <strong>Modelo:\u00a0<\/strong>MIRAGE<\/p>\n<p><strong>Motor:<\/strong>\u00a0&#8211; |\u00a0<strong>Litros:<\/strong>\u00a0&#8211;<\/p>\n<p><strong>Posici\u00f3n:<\/strong> DELANTERA<\/p>\n<p><strong>Especificaci\u00f3n: <\/strong>&#8211;<\/p>\n<p><strong>A\u00f1o:<\/strong> 2014-2024<\/td>\n<\/tr>\n<\/tbody>\n<\/table>\n<p>&nbsp;<\/p>\n<p style=\"text-align: center;\"><span style=\"color: #ff6600;\"><strong>APLICACIONES<\/strong><\/span><\/p>\n<table>\n<tbody>\n<tr>\n<td width=\"269\"><strong>Marca:<\/strong> MITSUBISHI| <strong>Modelo:\u00a0<\/strong>MIRAGE G4<\/p>\n<p><strong>Motor:<\/strong>\u00a0&#8211; |\u00a0<strong>Litros:<\/strong>\u00a0&#8211;<\/p>\n<p><strong>Posici\u00f3n:<\/strong>\u00a0DELANTERA<\/p>\n<p><strong>Especificaci\u00f3n: <\/strong>&#8211;<\/p>\n<p><strong>A\u00f1o:<\/strong> 2017-2024<\/td>\n<\/tr>\n<tr>\n<td width=\"269\"><strong>Marca:<\/strong> MITSUBISHI| <strong>Modelo: <\/strong>ATTRAGE<\/p>\n<p><strong>Motor:<\/strong>\u00a0&#8211; |\u00a0<strong>Litros:<\/strong>\u00a0&#8211;<\/p>\n<p><strong>Posici\u00f3n:<\/strong>\u00a0DELANTERA<\/p>\n<p><strong>Especificaci\u00f3n: <\/strong>&#8211;<\/p>\n<p><strong>A\u00f1o:<\/strong> 2016-2018<\/td>\n<\/tr>\n<tr>\n<td width=\"269\"><strong>Marca:<\/strong> DODGE\u00a0 | <strong>Modelo:\u00a0<\/strong>ATTITUDE<\/p>\n<p><strong>Motor:<\/strong>\u00a0&#8211; |\u00a0<strong>Litros:<\/strong>\u00a0&#8211;<\/p>\n<p><strong>Posici\u00f3n:<\/strong>\u00a0&#8211;<\/p>\n<p><strong>Especificaci\u00f3n: &#8211;<\/strong><\/p>\n<p><strong>A\u00f1o:<\/strong> 2015-2023<\/td>\n<\/tr>\n<\/tbody>\n<\/table>\n<table width=\"137\">\n<tbody>\n<tr>\n<td width=\"137\">BAMIRAG20<\/td>\n<\/tr>\n<\/tbody>\n<\/table>\n<p>&nbsp;<\/p>\n","protected":false},"excerpt":{"rendered":"<p>GOMA DE BARRA MITSUBISHI MIRAGE 14-24 Di: 17.70mm H: 36.70mm L: 35.45mm An: 33.96mm Marca: MITSUBISHI | Modelo:\u00a0MIRAGE Motor:\u00a0&#8211; |\u00a0Litros:\u00a0&#8211; Posici\u00f3n: DELANTERA Especificaci\u00f3n: &#8211; A\u00f1o: 2014-2024 &nbsp; APLICACIONES Marca: MITSUBISHI| Modelo:\u00a0MIRAGE G4 Motor:\u00a0&#8211; |\u00a0Litros:\u00a0&#8211; Posici\u00f3n:\u00a0DELANTERA Especificaci\u00f3n: &#8211; A\u00f1o: 2017-2024 Marca: MITSUBISHI| Modelo: ATTRAGE Motor:\u00a0&#8211; |\u00a0Litros:\u00a0&#8211; Posici\u00f3n:\u00a0DELANTERA Especificaci\u00f3n: &#8211; A\u00f1o: 2016-2018 Marca: DODGE\u00a0 | Modelo:\u00a0ATTITUDE Motor:\u00a0&#8211; [&hellip;]<\/p>\n","protected":false},"featured_media":7566,"comment_status":"closed","ping_status":"closed","template":"","meta":{"_joinchat":[]},"product_cat":[50,41],"product_tag":[],"_links":{"self":[{"href":"https:\/\/www.casa-padilla.com\/index.php\/wp-json\/wp\/v2\/product\/7619"}],"collection":[{"href":"https:\/\/www.casa-padilla.com\/index.php\/wp-json\/wp\/v2\/product"}],"about":[{"href":"https:\/\/www.casa-padilla.com\/index.php\/wp-json\/wp\/v2\/types\/product"}],"replies":[{"embeddable":true,"href":"https:\/\/www.casa-padilla.com\/index.php\/wp-json\/wp\/v2\/comments?post=7619"}],"wp:featuredmedia":[{"embeddable":true,"href":"https:\/\/www.casa-padilla.com\/index.php\/wp-json\/wp\/v2\/media\/7566"}],"wp:attachment":[{"href":"https:\/\/www.casa-padilla.com\/index.php\/wp-json\/wp\/v2\/media?parent=7619"}],"wp:term":[{"taxonomy":"product_cat","embeddable":true,"href":"https:\/\/www.casa-padilla.com\/index.php\/wp-json\/wp\/v2\/product_cat?post=7619"},{"taxonomy":"product_tag","embeddable":true,"href":"https:\/\/www.casa-padilla.com\/index.php\/wp-json\/wp\/v2\/product_tag?post=7619"}],"curies":[{"name":"wp","href":"https:\/\/api.w.org\/{rel}","templated":true}]}}