{"id":7912,"date":"2026-01-12T15:50:51","date_gmt":"2026-01-12T15:50:51","guid":{"rendered":"https:\/\/www.casa-padilla.com\/?post_type=product&#038;p=7912"},"modified":"2026-01-14T22:14:27","modified_gmt":"2026-01-14T22:14:27","slug":"goma-de-barra-estabilizadora-blazer-1500-67-91","status":"publish","type":"product","link":"https:\/\/www.casa-padilla.com\/index.php\/product\/goma-de-barra-estabilizadora-blazer-1500-67-91\/","title":{"rendered":"GOMA DE BARRA ESTABILIZADORA BLAZER 1500 67-91"},"content":{"rendered":"<p>GOMA DE BARRA ESTABILIZADORA BLAZER 1500 67-91<\/p>\n<table>\n<tbody>\n<tr>\n<td width=\"114\"><strong>Di:<\/strong> 25.80mm<br \/>\n<strong>H:<\/strong> 48.93mm<\/td>\n<td width=\"108\"><strong>L:<\/strong> 35.80mm<br \/>\n<strong>An:<\/strong> 44.16mm<\/td>\n<\/tr>\n<\/tbody>\n<\/table>\n<table>\n<tbody>\n<tr>\n<td width=\"269\"><strong>Marca:<\/strong> CHEVROLET| <strong>Modelo: <\/strong>BLAZER 1500<\/p>\n<p><strong>Motor:<\/strong>\u00a0&#8211; |\u00a0<strong>Litros:<\/strong>\u00a0&#8211;<\/p>\n<p><strong>Posici\u00f3n:<\/strong> &#8211;<\/p>\n<p><strong>Especificaci\u00f3n: <\/strong>&#8211;<\/p>\n<p><strong>\u00a0A\u00f1o: <\/strong>1967-1991<\/td>\n<\/tr>\n<\/tbody>\n<\/table>\n<p style=\"text-align: center;\"><span style=\"color: #ff6600;\"><strong>APLICACIONES<\/strong><\/span><\/p>\n<table width=\"634\">\n<thead>\n<tr>\n<td><strong>MARCA<\/strong><\/td>\n<td><strong>MODELO<\/strong><\/td>\n<td><strong>A\u00d1O<\/strong><\/td>\n<td><strong>POSICI\u00d3N<\/strong><\/td>\n<\/tr>\n<\/thead>\n<tbody>\n<tr>\n<td>CHEVROLET<\/td>\n<td>C10<\/td>\n<td>1967 &#8211; 1984<\/td>\n<td>DELANTERA<\/td>\n<\/tr>\n<tr>\n<td>CHEVROLET<\/td>\n<td>C10 SUBURBAN<\/td>\n<td>1967 &#8211; 1991<\/td>\n<td>DELANTERA<\/td>\n<\/tr>\n<tr>\n<td>CHEVROLET<\/td>\n<td>C20<\/td>\n<td>1967 &#8211; 1987<\/td>\n<td>DELANTERA<\/td>\n<\/tr>\n<tr>\n<td>CHEVROLET<\/td>\n<td>C20 SUBURBAN<\/td>\n<td>1967 &#8211; 1991<\/td>\n<td>DELANTERA<\/td>\n<\/tr>\n<tr>\n<td>CHEVROLET<\/td>\n<td>C30<\/td>\n<td>1967 &#8211; 1986<\/td>\n<td>DELANTERA<\/td>\n<\/tr>\n<tr>\n<td>CHEVROLET<\/td>\n<td>G10<\/td>\n<td>1975 &#8211; 1995<\/td>\n<td>DELANTERA<\/td>\n<\/tr>\n<tr>\n<td>CHEVROLET<\/td>\n<td>G20<\/td>\n<td>1975 &#8211; 1995<\/td>\n<td>DELANTERA<\/td>\n<\/tr>\n<tr>\n<td>CHEVROLET<\/td>\n<td>G30<\/td>\n<td>1975 &#8211; 1996<\/td>\n<td>DELANTERA<\/td>\n<\/tr>\n<tr>\n<td>CHEVROLET<\/td>\n<td>P30<\/td>\n<td>1967 &#8211; 1991<\/td>\n<td>DELANTERA<\/td>\n<\/tr>\n<\/tbody>\n<\/table>\n<table width=\"364\">\n<tbody>\n<tr>\n<td width=\"137\">BABLZ1500<\/td>\n<td width=\"139\">20-133<\/td>\n<td width=\"88\"><\/td>\n<\/tr>\n<\/tbody>\n<\/table>\n","protected":false},"excerpt":{"rendered":"<p>GOMA DE BARRA ESTABILIZADORA BLAZER 1500 67-91 Di: 25.80mm H: 48.93mm L: 35.80mm An: 44.16mm Marca: CHEVROLET| Modelo: BLAZER 1500 Motor:\u00a0&#8211; |\u00a0Litros:\u00a0&#8211; Posici\u00f3n: &#8211; Especificaci\u00f3n: &#8211; \u00a0A\u00f1o: 1967-1991 APLICACIONES MARCA MODELO A\u00d1O POSICI\u00d3N CHEVROLET C10 1967 &#8211; 1984 DELANTERA CHEVROLET C10 SUBURBAN 1967 &#8211; 1991 DELANTERA CHEVROLET C20 1967 &#8211; 1987 DELANTERA CHEVROLET C20 SUBURBAN [&hellip;]<\/p>\n","protected":false},"featured_media":7913,"comment_status":"closed","ping_status":"closed","template":"","meta":{"_joinchat":[]},"product_cat":[50,41],"product_tag":[],"_links":{"self":[{"href":"https:\/\/www.casa-padilla.com\/index.php\/wp-json\/wp\/v2\/product\/7912"}],"collection":[{"href":"https:\/\/www.casa-padilla.com\/index.php\/wp-json\/wp\/v2\/product"}],"about":[{"href":"https:\/\/www.casa-padilla.com\/index.php\/wp-json\/wp\/v2\/types\/product"}],"replies":[{"embeddable":true,"href":"https:\/\/www.casa-padilla.com\/index.php\/wp-json\/wp\/v2\/comments?post=7912"}],"wp:featuredmedia":[{"embeddable":true,"href":"https:\/\/www.casa-padilla.com\/index.php\/wp-json\/wp\/v2\/media\/7913"}],"wp:attachment":[{"href":"https:\/\/www.casa-padilla.com\/index.php\/wp-json\/wp\/v2\/media?parent=7912"}],"wp:term":[{"taxonomy":"product_cat","embeddable":true,"href":"https:\/\/www.casa-padilla.com\/index.php\/wp-json\/wp\/v2\/product_cat?post=7912"},{"taxonomy":"product_tag","embeddable":true,"href":"https:\/\/www.casa-padilla.com\/index.php\/wp-json\/wp\/v2\/product_tag?post=7912"}],"curies":[{"name":"wp","href":"https:\/\/api.w.org\/{rel}","templated":true}]}}