{"id":7916,"date":"2026-01-12T16:02:33","date_gmt":"2026-01-12T16:02:33","guid":{"rendered":"https:\/\/www.casa-padilla.com\/?post_type=product&#038;p=7916"},"modified":"2026-01-14T21:50:24","modified_gmt":"2026-01-14T21:50:24","slug":"goma-de-barra-estabilizadora-tracker-1-2-21-25","status":"publish","type":"product","link":"https:\/\/www.casa-padilla.com\/index.php\/product\/goma-de-barra-estabilizadora-tracker-1-2-21-25\/","title":{"rendered":"GOMA DE BARRA ESTABILIZADORA TRACKER 1.2 21-25"},"content":{"rendered":"<p>GOMA DE BARRA ESTABILIZADORA TRACKER 1.2 21-25<\/p>\n<table>\n<tbody>\n<tr>\n<td width=\"114\"><strong>Di:<\/strong> 19.00mm<br \/>\n<strong>H:<\/strong> 47.78mm<\/td>\n<td width=\"108\"><strong>L:<\/strong> 39.19mm<br \/>\n<strong>An:<\/strong> 40.80 mm<\/td>\n<\/tr>\n<\/tbody>\n<\/table>\n<table>\n<tbody>\n<tr>\n<td width=\"269\"><strong>Marca:<\/strong> CHEVROLET| <strong>Modelo: <\/strong>TRACKER<\/p>\n<p><strong>Motor:<\/strong> L3 | <strong>Litros:<\/strong> 1.2<\/p>\n<p><strong>Posici\u00f3n:<\/strong> DELANTERO<\/p>\n<p><strong>Especificaci\u00f3n: <\/strong>&#8211;<\/p>\n<p><strong>\u00a0A\u00f1o: <\/strong>2021-2025<\/td>\n<\/tr>\n<\/tbody>\n<\/table>\n<p style=\"text-align: center;\"><span style=\"color: #ff6600;\"><strong>APLICACIONES<\/strong><\/span><\/p>\n<table>\n<tbody>\n<tr>\n<td width=\"269\"><strong>Marca:<\/strong> CHEVROLET| <strong>Modelo: <\/strong>MONTANA<\/p>\n<p><strong>Motor:<\/strong> L3 | <strong>Litros:<\/strong> 1.2<\/p>\n<p><strong>Posici\u00f3n:<\/strong> DELANTERO<\/p>\n<p><strong>Especificaci\u00f3n: <\/strong>&#8211;<\/p>\n<p><strong>\u00a0A\u00f1o: <\/strong>2024-2025<\/td>\n<\/tr>\n<tr>\n<td width=\"269\"><strong>Marca:<\/strong> CHEVROLET| <strong>Modelo: <\/strong>ONIX<\/p>\n<p><strong>Motor:<\/strong> &#8211; | <strong>Litros:<\/strong> &#8211;<\/p>\n<p><strong>Posici\u00f3n:<\/strong> DELANTERO<\/p>\n<p><strong>Especificaci\u00f3n: <\/strong>&#8211;<\/p>\n<p><strong>\u00a0A\u00f1o: <\/strong>2021-2025<\/td>\n<\/tr>\n<\/tbody>\n<\/table>\n<table width=\"364\">\n<tbody>\n<tr>\n<td width=\"137\">BATRACK21<\/td>\n<td width=\"139\">20-900<\/td>\n<td width=\"88\"><\/td>\n<\/tr>\n<\/tbody>\n<\/table>\n","protected":false},"excerpt":{"rendered":"<p>GOMA DE BARRA ESTABILIZADORA TRACKER 1.2 21-25 Di: 19.00mm H: 47.78mm L: 39.19mm An: 40.80 mm Marca: CHEVROLET| Modelo: TRACKER Motor: L3 | Litros: 1.2 Posici\u00f3n: DELANTERO Especificaci\u00f3n: &#8211; \u00a0A\u00f1o: 2021-2025 APLICACIONES Marca: CHEVROLET| Modelo: MONTANA Motor: L3 | Litros: 1.2 Posici\u00f3n: DELANTERO Especificaci\u00f3n: &#8211; \u00a0A\u00f1o: 2024-2025 Marca: CHEVROLET| Modelo: ONIX Motor: &#8211; | Litros: [&hellip;]<\/p>\n","protected":false},"featured_media":7925,"comment_status":"closed","ping_status":"closed","template":"","meta":{"_joinchat":[]},"product_cat":[50,41],"product_tag":[],"_links":{"self":[{"href":"https:\/\/www.casa-padilla.com\/index.php\/wp-json\/wp\/v2\/product\/7916"}],"collection":[{"href":"https:\/\/www.casa-padilla.com\/index.php\/wp-json\/wp\/v2\/product"}],"about":[{"href":"https:\/\/www.casa-padilla.com\/index.php\/wp-json\/wp\/v2\/types\/product"}],"replies":[{"embeddable":true,"href":"https:\/\/www.casa-padilla.com\/index.php\/wp-json\/wp\/v2\/comments?post=7916"}],"wp:featuredmedia":[{"embeddable":true,"href":"https:\/\/www.casa-padilla.com\/index.php\/wp-json\/wp\/v2\/media\/7925"}],"wp:attachment":[{"href":"https:\/\/www.casa-padilla.com\/index.php\/wp-json\/wp\/v2\/media?parent=7916"}],"wp:term":[{"taxonomy":"product_cat","embeddable":true,"href":"https:\/\/www.casa-padilla.com\/index.php\/wp-json\/wp\/v2\/product_cat?post=7916"},{"taxonomy":"product_tag","embeddable":true,"href":"https:\/\/www.casa-padilla.com\/index.php\/wp-json\/wp\/v2\/product_tag?post=7916"}],"curies":[{"name":"wp","href":"https:\/\/api.w.org\/{rel}","templated":true}]}}