{"id":7981,"date":"2026-01-12T16:46:36","date_gmt":"2026-01-12T16:46:36","guid":{"rendered":"https:\/\/www.casa-padilla.com\/?post_type=product&#038;p=7981"},"modified":"2026-01-14T21:05:27","modified_gmt":"2026-01-14T21:05:27","slug":"goma-de-barra-estabilizadora-escalade-4wd-delantera-99-00","status":"publish","type":"product","link":"https:\/\/www.casa-padilla.com\/index.php\/product\/goma-de-barra-estabilizadora-escalade-4wd-delantera-99-00\/","title":{"rendered":"GOMA DE BARRA ESTABILIZADORA ESCALADE 4WD DELANTERA 99-00"},"content":{"rendered":"<p>GOMA DE BARRA ESTABILIZADORA ESCALADE 4WD<br \/>\nDELANTERA 99-00<\/p>\n<table>\n<tbody>\n<tr>\n<td width=\"114\"><strong>Di:<\/strong> 28.25mm<br \/>\n<strong>H:<\/strong> 55.80mm<\/td>\n<td width=\"108\"><strong>L:<\/strong> 41.40mm<br \/>\n<strong>An:<\/strong> 44.20mm<\/td>\n<\/tr>\n<\/tbody>\n<\/table>\n<table>\n<tbody>\n<tr>\n<td width=\"269\"><strong>Marca:<\/strong> CADILLAC| <strong>Modelo: <\/strong>ESCALADE<\/p>\n<p><strong>Motor:<\/strong>\u00a0&#8211; |\u00a0<strong>Litros:<\/strong>\u00a0&#8211;<\/p>\n<p><strong>Posici\u00f3n:<\/strong> DELANTERA<\/p>\n<p><strong>Especificaci\u00f3n: <\/strong>4WD<\/p>\n<p><strong>\u00a0A\u00f1o: <\/strong>1999-2000<\/td>\n<\/tr>\n<\/tbody>\n<\/table>\n<p style=\"text-align: center;\"><span style=\"color: #ff6600;\"><strong>APLICACIONES<\/strong><\/span><\/p>\n<table width=\"634\">\n<thead>\n<tr>\n<td><strong>MARCA<\/strong><\/td>\n<td><strong>MODELO<\/strong><\/td>\n<td><strong>A\u00d1O<\/strong><\/td>\n<td><strong>POSICI\u00d3N<\/strong><\/td>\n<\/tr>\n<\/thead>\n<tbody>\n<tr>\n<td>CHEVROLET<\/td>\n<td>BEL AIR<\/td>\n<td>1980 &#8211; 1985<\/td>\n<td>DELANTERA<\/td>\n<\/tr>\n<tr>\n<td>CHEVROLET<\/td>\n<td>BISCAYNE<\/td>\n<td>1980 &#8211; 1982<\/td>\n<td>DELANTERA<\/td>\n<\/tr>\n<tr>\n<td>CHEVROLET<\/td>\n<td>CAPRICE<\/td>\n<td>1980 &#8211; 1996<\/td>\n<td>DELANTERA<\/td>\n<\/tr>\n<tr>\n<td>CHEVROLET<\/td>\n<td>CHEVELLE<\/td>\n<td>1978 &#8211; 1983<\/td>\n<td>DELANTERA<\/td>\n<\/tr>\n<tr>\n<td>CHEVROLET<\/td>\n<td>IMPALA<\/td>\n<td>1980 &#8211; 1982<\/td>\n<td>DELANTERA<\/td>\n<\/tr>\n<tr>\n<td>CHEVROLET<\/td>\n<td>IMPALA SS<\/td>\n<td>1986 &#8211; 1996<\/td>\n<td>DELANTERA<\/td>\n<\/tr>\n<tr>\n<td>CHEVROLET<\/td>\n<td>K1500 4WD<\/td>\n<td>1988 &#8211; 1999<\/td>\n<td>DELANTERA<\/td>\n<\/tr>\n<tr>\n<td>CHEVROLET<\/td>\n<td>K1500 7200 LB. 4WD<\/td>\n<td>1988 &#8211; 1999<\/td>\n<td>DELANTERA<\/td>\n<\/tr>\n<tr>\n<td>CHEVROLET<\/td>\n<td>K1500 BLAZER 4WD<\/td>\n<td>1988 &#8211; 1994<\/td>\n<td>DELANTERA<\/td>\n<\/tr>\n<\/tbody>\n<\/table>\n<table width=\"364\">\n<tbody>\n<tr>\n<td width=\"137\">BAESCALD00<\/td>\n<td width=\"139\">20-131<\/td>\n<td width=\"88\"><\/td>\n<\/tr>\n<\/tbody>\n<\/table>\n","protected":false},"excerpt":{"rendered":"<p>GOMA DE BARRA ESTABILIZADORA ESCALADE 4WD DELANTERA 99-00 Di: 28.25mm H: 55.80mm L: 41.40mm An: 44.20mm Marca: CADILLAC| Modelo: ESCALADE Motor:\u00a0&#8211; |\u00a0Litros:\u00a0&#8211; Posici\u00f3n: DELANTERA Especificaci\u00f3n: 4WD \u00a0A\u00f1o: 1999-2000 APLICACIONES MARCA MODELO A\u00d1O POSICI\u00d3N CHEVROLET BEL AIR 1980 &#8211; 1985 DELANTERA CHEVROLET BISCAYNE 1980 &#8211; 1982 DELANTERA CHEVROLET CAPRICE 1980 &#8211; 1996 DELANTERA CHEVROLET CHEVELLE 1978 [&hellip;]<\/p>\n","protected":false},"featured_media":7928,"comment_status":"closed","ping_status":"closed","template":"","meta":{"_joinchat":[]},"product_cat":[50,41],"product_tag":[],"_links":{"self":[{"href":"https:\/\/www.casa-padilla.com\/index.php\/wp-json\/wp\/v2\/product\/7981"}],"collection":[{"href":"https:\/\/www.casa-padilla.com\/index.php\/wp-json\/wp\/v2\/product"}],"about":[{"href":"https:\/\/www.casa-padilla.com\/index.php\/wp-json\/wp\/v2\/types\/product"}],"replies":[{"embeddable":true,"href":"https:\/\/www.casa-padilla.com\/index.php\/wp-json\/wp\/v2\/comments?post=7981"}],"wp:featuredmedia":[{"embeddable":true,"href":"https:\/\/www.casa-padilla.com\/index.php\/wp-json\/wp\/v2\/media\/7928"}],"wp:attachment":[{"href":"https:\/\/www.casa-padilla.com\/index.php\/wp-json\/wp\/v2\/media?parent=7981"}],"wp:term":[{"taxonomy":"product_cat","embeddable":true,"href":"https:\/\/www.casa-padilla.com\/index.php\/wp-json\/wp\/v2\/product_cat?post=7981"},{"taxonomy":"product_tag","embeddable":true,"href":"https:\/\/www.casa-padilla.com\/index.php\/wp-json\/wp\/v2\/product_tag?post=7981"}],"curies":[{"name":"wp","href":"https:\/\/api.w.org\/{rel}","templated":true}]}}