{"id":8008,"date":"2026-01-12T19:49:37","date_gmt":"2026-01-12T19:49:37","guid":{"rendered":"https:\/\/www.casa-padilla.com\/?post_type=product&#038;p=8008"},"modified":"2026-01-14T21:42:16","modified_gmt":"2026-01-14T21:42:16","slug":"goma-de-barra-estabilizadora-explorer-sport-delantera-2wd-4wd-01-03","status":"publish","type":"product","link":"https:\/\/www.casa-padilla.com\/index.php\/product\/goma-de-barra-estabilizadora-explorer-sport-delantera-2wd-4wd-01-03\/","title":{"rendered":"GOMA DE BARRA ESTABILIZADORA EXPLORER SPORT DELANTERA 2WD, 4WD 01-03"},"content":{"rendered":"<p>GOMA DE BARRA ESTABILIZADORA EXPLORER SPORT DELANTERA<br \/>\n2WD, 4WD 01-03<\/p>\n<table>\n<tbody>\n<tr>\n<td width=\"114\"><strong>Di:<\/strong> 32.97mm<br \/>\n<strong>H:<\/strong> 48.70mm<\/td>\n<td width=\"108\"><strong>L:<\/strong> 46.17mm<br \/>\n<strong>An:<\/strong> 46.55mm<\/td>\n<\/tr>\n<\/tbody>\n<\/table>\n<table>\n<tbody>\n<tr>\n<td width=\"269\"><strong>Marca:<\/strong> FORD\u00a0 | <strong>Modelo: <\/strong>EXPLORER SPORT<\/p>\n<p><strong>Motor:<\/strong>\u00a0&#8211; |\u00a0<strong>Litros:<\/strong>\u00a0&#8211;<\/p>\n<p><strong>Posici\u00f3n:<\/strong>\u00a0DELANTERA<\/p>\n<p><strong>Especificaci\u00f3n: <\/strong>2WD<\/p>\n<p><strong>\u00a0A\u00f1o:<\/strong> 2001-2003<\/td>\n<\/tr>\n<\/tbody>\n<\/table>\n<p style=\"text-align: center;\"><span style=\"color: #ff6600;\"><strong>APLICACIONES<\/strong><\/span><\/p>\n<table>\n<tbody>\n<tr>\n<td width=\"269\"><strong>Marca:<\/strong> FORD | <strong>Modelo:\u00a0<\/strong>EXPLORER<\/p>\n<p><strong>Motor:<\/strong> &#8211; |\u00a0<strong>Litros:<\/strong> &#8211;<\/p>\n<p><strong>Posici\u00f3n:<\/strong> DELANTERA<\/p>\n<p><strong>Especificaci\u00f3n: <\/strong>2WD-4WD<\/p>\n<p><strong>A\u00f1o:<\/strong> 1988-2001<\/td>\n<\/tr>\n<tr>\n<td width=\"269\"><strong>Marca:<\/strong> MERCURY| <strong>Modelo:\u00a0<\/strong>MOUNTAINEER<\/p>\n<p><strong>Motor:<\/strong> &#8211; |\u00a0<strong>Litros:<\/strong> &#8211;<\/p>\n<p><strong>Posici\u00f3n:<\/strong> DELANTERA<\/p>\n<p><strong>Especificaci\u00f3n: <\/strong>&#8211;<\/p>\n<p><strong>A\u00f1o:<\/strong> 1988-2001<\/td>\n<\/tr>\n<\/tbody>\n<\/table>\n<table width=\"364\">\n<tbody>\n<tr>\n<td width=\"137\">BAEXSPD03<\/td>\n<td width=\"139\">10-254<\/td>\n<td width=\"88\"><\/td>\n<\/tr>\n<\/tbody>\n<\/table>\n","protected":false},"excerpt":{"rendered":"<p>GOMA DE BARRA ESTABILIZADORA EXPLORER SPORT DELANTERA 2WD, 4WD 01-03 Di: 32.97mm H: 48.70mm L: 46.17mm An: 46.55mm Marca: FORD\u00a0 | Modelo: EXPLORER SPORT Motor:\u00a0&#8211; |\u00a0Litros:\u00a0&#8211; Posici\u00f3n:\u00a0DELANTERA Especificaci\u00f3n: 2WD \u00a0A\u00f1o: 2001-2003 APLICACIONES Marca: FORD | Modelo:\u00a0EXPLORER Motor: &#8211; |\u00a0Litros: &#8211; Posici\u00f3n: DELANTERA Especificaci\u00f3n: 2WD-4WD A\u00f1o: 1988-2001 Marca: MERCURY| Modelo:\u00a0MOUNTAINEER Motor: &#8211; |\u00a0Litros: &#8211; Posici\u00f3n: DELANTERA [&hellip;]<\/p>\n","protected":false},"featured_media":7964,"comment_status":"closed","ping_status":"closed","template":"","meta":{"_joinchat":[]},"product_cat":[50,41],"product_tag":[],"_links":{"self":[{"href":"https:\/\/www.casa-padilla.com\/index.php\/wp-json\/wp\/v2\/product\/8008"}],"collection":[{"href":"https:\/\/www.casa-padilla.com\/index.php\/wp-json\/wp\/v2\/product"}],"about":[{"href":"https:\/\/www.casa-padilla.com\/index.php\/wp-json\/wp\/v2\/types\/product"}],"replies":[{"embeddable":true,"href":"https:\/\/www.casa-padilla.com\/index.php\/wp-json\/wp\/v2\/comments?post=8008"}],"wp:featuredmedia":[{"embeddable":true,"href":"https:\/\/www.casa-padilla.com\/index.php\/wp-json\/wp\/v2\/media\/7964"}],"wp:attachment":[{"href":"https:\/\/www.casa-padilla.com\/index.php\/wp-json\/wp\/v2\/media?parent=8008"}],"wp:term":[{"taxonomy":"product_cat","embeddable":true,"href":"https:\/\/www.casa-padilla.com\/index.php\/wp-json\/wp\/v2\/product_cat?post=8008"},{"taxonomy":"product_tag","embeddable":true,"href":"https:\/\/www.casa-padilla.com\/index.php\/wp-json\/wp\/v2\/product_tag?post=8008"}],"curies":[{"name":"wp","href":"https:\/\/api.w.org\/{rel}","templated":true}]}}