{"id":8039,"date":"2026-01-13T17:11:08","date_gmt":"2026-01-13T17:11:08","guid":{"rendered":"https:\/\/www.casa-padilla.com\/?post_type=product&#038;p=8039"},"modified":"2026-01-13T19:26:23","modified_gmt":"2026-01-13T19:26:23","slug":"goma-de-barra-estabilizadora-acura-slx-trasera-96-99","status":"publish","type":"product","link":"https:\/\/www.casa-padilla.com\/index.php\/product\/goma-de-barra-estabilizadora-acura-slx-trasera-96-99\/","title":{"rendered":"GOMA DE BARRA ESTABILIZADORA ACURA SLX TRASERA 96-99"},"content":{"rendered":"<p>GOMA DE BARRA ESTABILIZADORA ACURA SLX TRASERA 96-99<\/p>\n<table>\n<tbody>\n<tr>\n<td width=\"114\"><strong>Di:<\/strong> 18.23mm<br \/>\n<strong>H:<\/strong> 37.90mm<\/td>\n<td width=\"108\"><strong>L:<\/strong> 42.50mm<br \/>\n<strong>An:<\/strong> 36.46mm<\/td>\n<\/tr>\n<\/tbody>\n<\/table>\n<table>\n<tbody>\n<tr>\n<td width=\"269\"><strong>Marca:<\/strong> ACURA| <strong>Modelo: <\/strong>SLX<\/p>\n<p><strong>Motor:<\/strong> &#8211; | <strong>Litros:<\/strong> &#8211;<\/p>\n<p><strong>Posici\u00f3n:<\/strong> TRASERA<\/p>\n<p><strong>Especificaci\u00f3n: <\/strong>&#8211;<\/p>\n<p><strong>\u00a0A\u00f1o:<\/strong> 1996-1999<\/td>\n<\/tr>\n<\/tbody>\n<\/table>\n<p style=\"text-align: center;\"><span style=\"color: #ff6600;\"><strong>APLICACIONES<\/strong><\/span><\/p>\n<table>\n<tbody>\n<tr>\n<td width=\"269\"><strong>Marca:<\/strong> ISUZU| <strong>Modelo:\u00a0<\/strong> TROOPER<\/p>\n<p><strong>Motor:<\/strong>\u00a0&#8211; |\u00a0<strong>Litros:<\/strong>\u00a0&#8211;<\/p>\n<p><strong>Posici\u00f3n:<\/strong> TRASERA<\/p>\n<p><strong>Especificaci\u00f3n: <\/strong>&#8211;<\/p>\n<p><strong>A\u00f1o:<\/strong> 1992-2002<\/td>\n<\/tr>\n<tr>\n<td width=\"269\"><strong>Marca:<\/strong> ISUZU| <strong>Modelo:\u00a0<\/strong> VEHICROSS<\/p>\n<p><strong>Motor:<\/strong>\u00a0&#8211; |\u00a0<strong>Litros:<\/strong>\u00a0&#8211;<\/p>\n<p><strong>Posici\u00f3n:<\/strong> TRASERA<\/p>\n<p><strong>Especificaci\u00f3n: <\/strong>&#8211;<\/p>\n<p><strong>A\u00f1o:<\/strong> 1999-2001<\/td>\n<\/tr>\n<\/tbody>\n<\/table>\n<table width=\"364\">\n<tbody>\n<tr>\n<td width=\"137\">BAACUSLX<\/td>\n<td width=\"139\">61-782<\/td>\n<td width=\"88\"><\/td>\n<\/tr>\n<\/tbody>\n<\/table>\n<p>&nbsp;<\/p>\n","protected":false},"excerpt":{"rendered":"<p>GOMA DE BARRA ESTABILIZADORA ACURA SLX TRASERA 96-99 Di: 18.23mm H: 37.90mm L: 42.50mm An: 36.46mm Marca: ACURA| Modelo: SLX Motor: &#8211; | Litros: &#8211; Posici\u00f3n: TRASERA Especificaci\u00f3n: &#8211; \u00a0A\u00f1o: 1996-1999 APLICACIONES Marca: ISUZU| Modelo:\u00a0 TROOPER Motor:\u00a0&#8211; |\u00a0Litros:\u00a0&#8211; Posici\u00f3n: TRASERA Especificaci\u00f3n: &#8211; A\u00f1o: 1992-2002 Marca: ISUZU| Modelo:\u00a0 VEHICROSS Motor:\u00a0&#8211; |\u00a0Litros:\u00a0&#8211; Posici\u00f3n: TRASERA Especificaci\u00f3n: &#8211; A\u00f1o: [&hellip;]<\/p>\n","protected":false},"featured_media":8041,"comment_status":"closed","ping_status":"closed","template":"","meta":{"_joinchat":[]},"product_cat":[50,41],"product_tag":[],"_links":{"self":[{"href":"https:\/\/www.casa-padilla.com\/index.php\/wp-json\/wp\/v2\/product\/8039"}],"collection":[{"href":"https:\/\/www.casa-padilla.com\/index.php\/wp-json\/wp\/v2\/product"}],"about":[{"href":"https:\/\/www.casa-padilla.com\/index.php\/wp-json\/wp\/v2\/types\/product"}],"replies":[{"embeddable":true,"href":"https:\/\/www.casa-padilla.com\/index.php\/wp-json\/wp\/v2\/comments?post=8039"}],"wp:featuredmedia":[{"embeddable":true,"href":"https:\/\/www.casa-padilla.com\/index.php\/wp-json\/wp\/v2\/media\/8041"}],"wp:attachment":[{"href":"https:\/\/www.casa-padilla.com\/index.php\/wp-json\/wp\/v2\/media?parent=8039"}],"wp:term":[{"taxonomy":"product_cat","embeddable":true,"href":"https:\/\/www.casa-padilla.com\/index.php\/wp-json\/wp\/v2\/product_cat?post=8039"},{"taxonomy":"product_tag","embeddable":true,"href":"https:\/\/www.casa-padilla.com\/index.php\/wp-json\/wp\/v2\/product_tag?post=8039"}],"curies":[{"name":"wp","href":"https:\/\/api.w.org\/{rel}","templated":true}]}}