{"id":8042,"date":"2026-01-13T17:41:41","date_gmt":"2026-01-13T17:41:41","guid":{"rendered":"https:\/\/www.casa-padilla.com\/?post_type=product&#038;p=8042"},"modified":"2026-01-13T18:26:44","modified_gmt":"2026-01-13T18:26:44","slug":"goma-de-barra-estabilizadora-acura-rl-05-08","status":"publish","type":"product","link":"https:\/\/www.casa-padilla.com\/index.php\/product\/goma-de-barra-estabilizadora-acura-rl-05-08\/","title":{"rendered":"GOMA DE BARRA ESTABILIZADORA ACURA RL 05-08"},"content":{"rendered":"<p>GOMA DE BARRA ESTABILIZADORA ACURA RL 05-08<\/p>\n<table>\n<tbody>\n<tr>\n<td width=\"114\"><strong>Di:<\/strong> 26.21mm<br \/>\n<strong>H:<\/strong> 43.20mm<\/td>\n<td width=\"108\"><strong>L:<\/strong> 44.43mm<br \/>\n<strong>An:<\/strong> 33.25mm<\/td>\n<\/tr>\n<\/tbody>\n<\/table>\n<table>\n<tbody>\n<tr>\n<td width=\"269\"><strong>Marca:<\/strong> ACURA| <strong>Modelo: <\/strong>RL<\/p>\n<p><strong>Motor:<\/strong> &#8211; | <strong>Litros:<\/strong> &#8211;<\/p>\n<p><strong>Posici\u00f3n:<\/strong> DELANTERA<\/p>\n<p><strong>Especificaci\u00f3n: <\/strong>&#8211;<\/p>\n<p><strong>\u00a0A\u00f1o:<\/strong> 2005-2008<\/td>\n<\/tr>\n<\/tbody>\n<\/table>\n<p style=\"text-align: center;\"><span style=\"color: #ff6600;\"><strong>APLICACIONES<\/strong><\/span><\/p>\n<table>\n<tbody>\n<tr>\n<td width=\"269\"><strong>Marca:<\/strong> ACURA| <strong>Modelo: <\/strong>TL<\/p>\n<p><strong>Motor:<\/strong> &#8211; | <strong>Litros:<\/strong> &#8211;<\/p>\n<p><strong>Posici\u00f3n:<\/strong> DELANTERA<\/p>\n<p><strong>Especificaci\u00f3n: <\/strong>&#8211;<\/p>\n<p><strong>\u00a0A\u00f1o:<\/strong> 2004-2008<\/td>\n<\/tr>\n<\/tbody>\n<\/table>\n<table width=\"364\">\n<tbody>\n<tr>\n<td width=\"137\">BAACURL<\/td>\n<td width=\"139\">62-123<\/td>\n<td width=\"88\"><\/td>\n<\/tr>\n<\/tbody>\n<\/table>\n<p>&nbsp;<\/p>\n","protected":false},"excerpt":{"rendered":"<p>GOMA DE BARRA ESTABILIZADORA ACURA RL 05-08 Di: 26.21mm H: 43.20mm L: 44.43mm An: 33.25mm Marca: ACURA| Modelo: RL Motor: &#8211; | Litros: &#8211; Posici\u00f3n: DELANTERA Especificaci\u00f3n: &#8211; \u00a0A\u00f1o: 2005-2008 APLICACIONES Marca: ACURA| Modelo: TL Motor: &#8211; | Litros: &#8211; Posici\u00f3n: DELANTERA Especificaci\u00f3n: &#8211; \u00a0A\u00f1o: 2004-2008 BAACURL 62-123 &nbsp;<\/p>\n","protected":false},"featured_media":7937,"comment_status":"closed","ping_status":"closed","template":"","meta":{"_joinchat":[]},"product_cat":[50,41],"product_tag":[],"_links":{"self":[{"href":"https:\/\/www.casa-padilla.com\/index.php\/wp-json\/wp\/v2\/product\/8042"}],"collection":[{"href":"https:\/\/www.casa-padilla.com\/index.php\/wp-json\/wp\/v2\/product"}],"about":[{"href":"https:\/\/www.casa-padilla.com\/index.php\/wp-json\/wp\/v2\/types\/product"}],"replies":[{"embeddable":true,"href":"https:\/\/www.casa-padilla.com\/index.php\/wp-json\/wp\/v2\/comments?post=8042"}],"wp:featuredmedia":[{"embeddable":true,"href":"https:\/\/www.casa-padilla.com\/index.php\/wp-json\/wp\/v2\/media\/7937"}],"wp:attachment":[{"href":"https:\/\/www.casa-padilla.com\/index.php\/wp-json\/wp\/v2\/media?parent=8042"}],"wp:term":[{"taxonomy":"product_cat","embeddable":true,"href":"https:\/\/www.casa-padilla.com\/index.php\/wp-json\/wp\/v2\/product_cat?post=8042"},{"taxonomy":"product_tag","embeddable":true,"href":"https:\/\/www.casa-padilla.com\/index.php\/wp-json\/wp\/v2\/product_tag?post=8042"}],"curies":[{"name":"wp","href":"https:\/\/api.w.org\/{rel}","templated":true}]}}