{"id":8044,"date":"2026-01-13T17:57:51","date_gmt":"2026-01-13T17:57:51","guid":{"rendered":"https:\/\/www.casa-padilla.com\/?post_type=product&#038;p=8044"},"modified":"2026-01-14T22:10:51","modified_gmt":"2026-01-14T22:10:51","slug":"goma-de-barra-estabilizadora-pathfinder-armada-trasera-2004","status":"publish","type":"product","link":"https:\/\/www.casa-padilla.com\/index.php\/product\/goma-de-barra-estabilizadora-pathfinder-armada-trasera-2004\/","title":{"rendered":"GOMA DE BARRA ESTABILIZADORA PATHFINDER ARMADA TRASERA 2004"},"content":{"rendered":"<p>GOMA DE BARRA ESTABILIZADORA PATHFINDER ARMADA<br \/>\nTRASERA 2004<\/p>\n<table>\n<tbody>\n<tr>\n<td width=\"114\"><strong>Di:<\/strong> 25.50mm<br \/>\n<strong>H:<\/strong> 46.88mm<\/td>\n<td width=\"108\"><strong>L:<\/strong> 50.00mm<br \/>\n<strong>An:<\/strong> 37.08mm<\/td>\n<\/tr>\n<\/tbody>\n<\/table>\n<table>\n<tbody>\n<tr>\n<td width=\"269\"><strong>Marca:<\/strong> NISSAN| <strong>Modelo: <\/strong>PATHFINDER ARMADA<\/p>\n<p><strong>Motor:<\/strong> &#8211; | <strong>Litros:<\/strong> &#8211;<\/p>\n<p><strong>Posici\u00f3n:<\/strong> TRASERA<\/p>\n<p><strong>Especificaci\u00f3n: <\/strong>&#8211;<\/p>\n<p><strong>\u00a0A\u00f1o:<\/strong> 2004<\/td>\n<\/tr>\n<\/tbody>\n<\/table>\n<p style=\"text-align: center;\"><span style=\"color: #ff6600;\"><strong>APLICACIONES<\/strong><\/span><\/p>\n<table>\n<tbody>\n<tr>\n<td width=\"269\"><strong>Marca:<\/strong> NISSAN| <strong>Modelo: <\/strong>ARMADA<\/p>\n<p><strong>Motor:<\/strong> &#8211; | <strong>Litros:<\/strong> &#8211;<\/p>\n<p><strong>Posici\u00f3n:<\/strong> TRASERA<\/p>\n<p><strong>Especificaci\u00f3n: <\/strong>&#8211;<\/p>\n<p><strong>\u00a0A\u00f1o:<\/strong> 2005-2019<\/td>\n<\/tr>\n<tr>\n<td width=\"269\"><strong>Marca:<\/strong> INFINITI| <strong>Modelo: <\/strong>QX80<\/p>\n<p><strong>Motor:<\/strong> &#8211; | <strong>Litros:<\/strong> &#8211;<\/p>\n<p><strong>Posici\u00f3n:<\/strong> TRASERA<\/p>\n<p><strong>Especificaci\u00f3n: <\/strong>&#8211;<\/p>\n<p><strong>\u00a0A\u00f1o:<\/strong> 2014-2020<\/td>\n<\/tr>\n<tr>\n<td width=\"269\"><strong>Marca:<\/strong> INFINITI| <strong>Modelo: <\/strong>QX56<\/p>\n<p><strong>Motor:<\/strong> &#8211; | <strong>Litros:<\/strong> &#8211;<\/p>\n<p><strong>Posici\u00f3n:<\/strong> TRASERA<\/p>\n<p><strong>Especificaci\u00f3n: <\/strong>&#8211;<\/p>\n<p><strong>\u00a0A\u00f1o:<\/strong> 2004-2013<\/td>\n<\/tr>\n<\/tbody>\n<\/table>\n<table width=\"364\">\n<tbody>\n<tr>\n<td width=\"137\">BAPATH04<\/td>\n<td width=\"139\">61-733<\/td>\n<td width=\"88\"><\/td>\n<\/tr>\n<\/tbody>\n<\/table>\n<p>&nbsp;<\/p>\n","protected":false},"excerpt":{"rendered":"<p>GOMA DE BARRA ESTABILIZADORA PATHFINDER ARMADA TRASERA 2004 Di: 25.50mm H: 46.88mm L: 50.00mm An: 37.08mm Marca: NISSAN| Modelo: PATHFINDER ARMADA Motor: &#8211; | Litros: &#8211; Posici\u00f3n: TRASERA Especificaci\u00f3n: &#8211; \u00a0A\u00f1o: 2004 APLICACIONES Marca: NISSAN| Modelo: ARMADA Motor: &#8211; | Litros: &#8211; Posici\u00f3n: TRASERA Especificaci\u00f3n: &#8211; \u00a0A\u00f1o: 2005-2019 Marca: INFINITI| Modelo: QX80 Motor: &#8211; | [&hellip;]<\/p>\n","protected":false},"featured_media":7951,"comment_status":"closed","ping_status":"closed","template":"","meta":{"_joinchat":[]},"product_cat":[50,41],"product_tag":[],"_links":{"self":[{"href":"https:\/\/www.casa-padilla.com\/index.php\/wp-json\/wp\/v2\/product\/8044"}],"collection":[{"href":"https:\/\/www.casa-padilla.com\/index.php\/wp-json\/wp\/v2\/product"}],"about":[{"href":"https:\/\/www.casa-padilla.com\/index.php\/wp-json\/wp\/v2\/types\/product"}],"replies":[{"embeddable":true,"href":"https:\/\/www.casa-padilla.com\/index.php\/wp-json\/wp\/v2\/comments?post=8044"}],"wp:featuredmedia":[{"embeddable":true,"href":"https:\/\/www.casa-padilla.com\/index.php\/wp-json\/wp\/v2\/media\/7951"}],"wp:attachment":[{"href":"https:\/\/www.casa-padilla.com\/index.php\/wp-json\/wp\/v2\/media?parent=8044"}],"wp:term":[{"taxonomy":"product_cat","embeddable":true,"href":"https:\/\/www.casa-padilla.com\/index.php\/wp-json\/wp\/v2\/product_cat?post=8044"},{"taxonomy":"product_tag","embeddable":true,"href":"https:\/\/www.casa-padilla.com\/index.php\/wp-json\/wp\/v2\/product_tag?post=8044"}],"curies":[{"name":"wp","href":"https:\/\/api.w.org\/{rel}","templated":true}]}}