{"id":8065,"date":"2026-01-14T19:33:18","date_gmt":"2026-01-14T19:33:18","guid":{"rendered":"https:\/\/www.casa-padilla.com\/?post_type=product&#038;p=8065"},"modified":"2026-01-14T19:39:55","modified_gmt":"2026-01-14T19:39:55","slug":"goma-de-barra-estabilizadora-cougar-delantera-90-95","status":"publish","type":"product","link":"https:\/\/www.casa-padilla.com\/index.php\/product\/goma-de-barra-estabilizadora-cougar-delantera-90-95\/","title":{"rendered":"GOMA DE BARRA ESTABILIZADORA COUGAR DELANTERA 90-95"},"content":{"rendered":"<p>GOMA DE BARRA ESTABILIZADORA COUGAR DELANTERA 90-95<\/p>\n<table>\n<tbody>\n<tr>\n<td width=\"114\"><strong>Di:<\/strong> 27.00mm<br \/>\n<strong>H:<\/strong> 49.90mm<\/td>\n<td width=\"108\"><strong>L:<\/strong> 61.10mm<br \/>\n<strong>An:<\/strong> 46.55mm<\/td>\n<\/tr>\n<\/tbody>\n<\/table>\n<table>\n<tbody>\n<tr>\n<td width=\"269\"><strong>Marca:<\/strong> FORD| <strong>Modelo: <\/strong>COUGAR<\/p>\n<p><strong>Motor:<\/strong> &#8211; | <strong>Litros:<\/strong> &#8211;<\/p>\n<p><strong>Posici\u00f3n:<\/strong> DELANTERA<\/p>\n<p><strong>Especificaci\u00f3n: <\/strong>&#8211;<\/p>\n<p><strong>\u00a0A\u00f1o:<\/strong> 1990-1995<\/td>\n<\/tr>\n<\/tbody>\n<\/table>\n<p style=\"text-align: center;\"><span style=\"color: #ff6600;\"><strong>APLICACIONES<\/strong><\/span><\/p>\n<table>\n<tbody>\n<tr>\n<td width=\"269\"><strong>Marca:<\/strong> FORD| <strong>Modelo: <\/strong>THUNDERBIRD<\/p>\n<p><strong>Motor:<\/strong> &#8211; | <strong>Litros:<\/strong> &#8211;<\/p>\n<p><strong>Posici\u00f3n:<\/strong> DELANTERA<\/p>\n<p><strong>Especificaci\u00f3n: <\/strong>&#8211;<\/p>\n<p><strong>\u00a0A\u00f1o:<\/strong> 1990-1997<\/td>\n<\/tr>\n<\/tbody>\n<\/table>\n<table>\n<tbody>\n<tr>\n<td width=\"269\"><strong>Marca:<\/strong> MERCURY| <strong>Modelo: <\/strong>COUGAR<\/p>\n<p><strong>Motor:<\/strong> &#8211; | <strong>Litros:<\/strong> &#8211;<\/p>\n<p><strong>Posici\u00f3n:<\/strong> DELANTERA<\/p>\n<p><strong>Especificaci\u00f3n: <\/strong>&#8211;<\/p>\n<p><strong>\u00a0A\u00f1o:<\/strong> 1990-1997<\/td>\n<\/tr>\n<\/tbody>\n<\/table>\n<table width=\"364\">\n<tbody>\n<tr>\n<td width=\"137\">BACOUD95<\/td>\n<td width=\"139\">10-240<\/td>\n<td width=\"88\"><\/td>\n<\/tr>\n<\/tbody>\n<\/table>\n<p>&nbsp;<\/p>\n","protected":false},"excerpt":{"rendered":"<p>GOMA DE BARRA ESTABILIZADORA COUGAR DELANTERA 90-95 Di: 27.00mm H: 49.90mm L: 61.10mm An: 46.55mm Marca: FORD| Modelo: COUGAR Motor: &#8211; | Litros: &#8211; Posici\u00f3n: DELANTERA Especificaci\u00f3n: &#8211; \u00a0A\u00f1o: 1990-1995 APLICACIONES Marca: FORD| Modelo: THUNDERBIRD Motor: &#8211; | Litros: &#8211; Posici\u00f3n: DELANTERA Especificaci\u00f3n: &#8211; \u00a0A\u00f1o: 1990-1997 Marca: MERCURY| Modelo: COUGAR Motor: &#8211; | Litros: &#8211; [&hellip;]<\/p>\n","protected":false},"featured_media":8066,"comment_status":"closed","ping_status":"closed","template":"","meta":{"_joinchat":[]},"product_cat":[50,41],"product_tag":[],"_links":{"self":[{"href":"https:\/\/www.casa-padilla.com\/index.php\/wp-json\/wp\/v2\/product\/8065"}],"collection":[{"href":"https:\/\/www.casa-padilla.com\/index.php\/wp-json\/wp\/v2\/product"}],"about":[{"href":"https:\/\/www.casa-padilla.com\/index.php\/wp-json\/wp\/v2\/types\/product"}],"replies":[{"embeddable":true,"href":"https:\/\/www.casa-padilla.com\/index.php\/wp-json\/wp\/v2\/comments?post=8065"}],"wp:featuredmedia":[{"embeddable":true,"href":"https:\/\/www.casa-padilla.com\/index.php\/wp-json\/wp\/v2\/media\/8066"}],"wp:attachment":[{"href":"https:\/\/www.casa-padilla.com\/index.php\/wp-json\/wp\/v2\/media?parent=8065"}],"wp:term":[{"taxonomy":"product_cat","embeddable":true,"href":"https:\/\/www.casa-padilla.com\/index.php\/wp-json\/wp\/v2\/product_cat?post=8065"},{"taxonomy":"product_tag","embeddable":true,"href":"https:\/\/www.casa-padilla.com\/index.php\/wp-json\/wp\/v2\/product_tag?post=8065"}],"curies":[{"name":"wp","href":"https:\/\/api.w.org\/{rel}","templated":true}]}}